{"id":10,"date":"2016-08-25T17:02:06","date_gmt":"2016-08-25T15:02:06","guid":{"rendered":"http:\/\/localhost\/eittinger\/?page_id=10"},"modified":"2024-10-15T16:00:41","modified_gmt":"2024-10-15T14:00:41","slug":"unsere-besonderheiten","status":"publish","type":"page","link":"https:\/\/www.eittinger.de\/index.php\/unsere-besonderheiten\/","title":{"rendered":"Unsere Besonderheiten"},"content":{"rendered":"<div id=\"pl-10\"  class=\"panel-layout\" ><div id=\"pg-10-0\"  class=\"panel-grid panel-has-style\" ><div class=\"panel-row-shadow panel-row-style panel-row-style-for-10-0\" ><div id=\"pgc-10-0-0\"  class=\"panel-grid-cell\" ><div id=\"panel-10-0-0-0\" class=\"so-panel widget widget_slider-ma panel-first-child panel-last-child\" data-index=\"0\" ><div\n\t\t\t\n\t\t\tclass=\"so-widget-slider-ma so-widget-slider-ma-slider-ma-style-57cb3320b3de-10\"\n\t\t\t\n\t\t>\n\t<div class=\"flexslider ma-flexslider prevnextnav-on prevnextsize-normal imageposition-background ma-flexslider-main\" data-slideshowspeed=\"7000\" data-animationspeed=\"600\" data-controlnav=\"1\" data-effect=\"slide\" data-slideshow=\"1\" data-itemwidth=\"0\" data-itemmargin=\"0\"  >\n\t<ul class=\"slides\">\n\t\t<li class=\"fframe\"  style=\"display:none;background-image: url(https:\/\/www.eittinger.de\/cms\/wp-content\/uploads\/2020\/06\/Slider_1_1280_400.jpg); min-height:400px;\">\n\t\t<\/li>\n\t\t<li class=\"fframe\"  style=\"display:none;background-image: url(https:\/\/www.eittinger.de\/cms\/wp-content\/uploads\/2020\/06\/Slider_2_1280_400.jpg); min-height:400px;\">\n\t\t<\/li>\n\t\t<li class=\"fframe\"  style=\"display:none;background-image: url(https:\/\/www.eittinger.de\/cms\/wp-content\/uploads\/2020\/06\/Slider_3_1280_400.jpg); min-height:400px;\">\n\t\t<\/li>\n\t<\/ul>\n\t<\/div><div class=\"clear\">&nbsp;<\/div><\/div><\/div><\/div><\/div><\/div><div id=\"pg-10-1\"  class=\"panel-grid panel-no-style\" ><div id=\"pgc-10-1-0\"  class=\"panel-grid-cell\" ><div id=\"panel-10-1-0-0\" class=\"so-panel widget widget_sow-image panel-first-child panel-last-child\" data-index=\"1\" ><div\n\t\t\t\n\t\t\tclass=\"so-widget-sow-image so-widget-sow-image-default-8b5b6f678277-10\"\n\t\t\t\n\t\t>\n<div class=\"sow-image-container\">\n\t\t<img loading=\"lazy\" decoding=\"async\" src=\"https:\/\/www.eittinger.de\/cms\/wp-content\/uploads\/2020\/06\/TV_Bier_Tobi_526_351.jpg\" width=\"526\" height=\"351\" srcset=\"https:\/\/www.eittinger.de\/cms\/wp-content\/uploads\/2020\/06\/TV_Bier_Tobi_526_351.jpg 526w, https:\/\/www.eittinger.de\/cms\/wp-content\/uploads\/2020\/06\/TV_Bier_Tobi_526_351-300x200.jpg 300w, https:\/\/www.eittinger.de\/cms\/wp-content\/uploads\/2020\/06\/TV_Bier_Tobi_526_351-272x182.jpg 272w\" sizes=\"auto, (max-width: 526px) 100vw, 526px\" alt=\"TV bier Brauer\" \t\tclass=\"so-widget-image\"\/>\n\t<\/div>\n\n<\/div><\/div><\/div><div id=\"pgc-10-1-1\"  class=\"panel-grid-cell\" ><div id=\"panel-10-1-1-0\" class=\"so-panel widget widget_sow-editor panel-first-child panel-last-child\" data-index=\"2\" ><div\n\t\t\t\n\t\t\tclass=\"so-widget-sow-editor so-widget-sow-editor-base\"\n\t\t\t\n\t\t>\n<div class=\"siteorigin-widget-tinymce textwidget\">\n\t<h1 style=\"text-align: left;\">Wof\u00fcr steht eigentlich das T.V.?<\/h1>\n<div class=\"elementor-element elementor-element-84cb935 elementor-widget elementor-widget-heading\" data-id=\"84cb935\" data-element_type=\"widget\" data-widget_type=\"heading.default\">\n<div class=\"elementor-widget-container\">\n<p class=\"elementor-heading-title elementor-size-default\">Die Antwort: F\u00fcr die Initialen Tobias Vincenti.<\/p>\n<p class=\"elementor-heading-title elementor-size-default\">In der vierten Generation von Brauermeistern ist einiges an Erfahrung im Austausch mit der \u00e4lteren Generation \u00fcber Biere zusammen gekommen. \u00dcber zahlreiche Neuprojekte auf der Steinecker Anlage im Eittinger Ortskern hat er einiges an zus\u00e4tzlichem\u00a0Wissen durch Versuche sammeln k\u00f6nnen und so entstand das Motto: Bayrische Tradition trifft moderne Braukunst.<\/p>\n<p>Das hei\u00dft so viel, dass Tobias Vincenti das Wissen der Vorfahren mit dem heutigen Stand der Technik vereint und so in einer Braumanufaktur eigene Wege gehen und Ideen f\u00fcr seine Editionen umsetzen kann.<\/p>\n<\/div>\n<\/div>\n<\/div>\n<\/div><\/div><\/div><\/div><div id=\"pg-10-2\"  class=\"panel-grid panel-no-style\" ><div id=\"pgc-10-2-0\"  class=\"panel-grid-cell\" ><div id=\"panel-10-2-0-0\" class=\"so-panel widget widget_spacer-ma panel-first-child panel-last-child\" data-index=\"3\" ><div\n\t\t\t\n\t\t\tclass=\"so-widget-spacer-ma so-widget-spacer-ma-spacer-ma-style-8cdf73553d86-10\"\n\t\t\t\n\t\t><hr class=\"spacer-ma\"  \/>\n<\/div><\/div><\/div><\/div><div id=\"pg-10-3\"  class=\"panel-grid panel-no-style\" ><div id=\"pgc-10-3-0\"  class=\"panel-grid-cell\" ><div id=\"panel-10-3-0-0\" class=\"so-panel widget widget_sow-editor panel-first-child panel-last-child\" data-index=\"4\" ><div\n\t\t\t\n\t\t\tclass=\"so-widget-sow-editor so-widget-sow-editor-base\"\n\t\t\t\n\t\t>\n<div class=\"siteorigin-widget-tinymce textwidget\">\n\t<h1 style=\"text-align: left;\">Die T.V. Bier Editionen<\/h1>\n<p>Mittlerweile kann Tobias Vincenti zwei Biersorten zu seinen Editionen z\u00e4hlen. Dazu z\u00e4hlen das <strong>T.V. Bier Frischghopfts<\/strong>, ein kaltgehopftes, Lagerbier mit erntefrischem Hopfen und das <strong>T.V. Bier Bleifrei's<\/strong>, ein mit Aromahopfen verfeinertes, alkoholfreies Schankbier. Mehr Infos zu den Bieren findet Ihr <strong><a href=\"https:\/\/www.eittinger.de\/index.php\/products\/tvbier\/\">hier<\/a><\/strong>.<\/p>\n<p>Die T.V. Bier-Familie w\u00e4chst... Ihr d\u00fcrft gespannt sein, was sich Tobias Vincenti als n\u00e4chstes ausdenkt!<\/p>\n<\/div>\n<\/div><\/div><\/div><div id=\"pgc-10-3-1\"  class=\"panel-grid-cell\" ><div id=\"panel-10-3-1-0\" class=\"so-panel widget widget_sow-image panel-first-child panel-last-child\" data-index=\"5\" ><div\n\t\t\t\n\t\t\tclass=\"so-widget-sow-image so-widget-sow-image-default-8b5b6f678277-10\"\n\t\t\t\n\t\t>\n<div class=\"sow-image-container\">\n\t\t<img loading=\"lazy\" decoding=\"async\" src=\"https:\/\/www.eittinger.de\/cms\/wp-content\/uploads\/2020\/06\/TV_Bier_Biere_526_351.png\" width=\"526\" height=\"351\" srcset=\"https:\/\/www.eittinger.de\/cms\/wp-content\/uploads\/2020\/06\/TV_Bier_Biere_526_351.png 526w, https:\/\/www.eittinger.de\/cms\/wp-content\/uploads\/2020\/06\/TV_Bier_Biere_526_351-300x200.png 300w, https:\/\/www.eittinger.de\/cms\/wp-content\/uploads\/2020\/06\/TV_Bier_Biere_526_351-272x182.png 272w\" sizes=\"auto, (max-width: 526px) 100vw, 526px\" alt=\"\" \t\tclass=\"so-widget-image\"\/>\n\t<\/div>\n\n<\/div><\/div><\/div><\/div><div id=\"pg-10-4\"  class=\"panel-grid panel-no-style\" ><div id=\"pgc-10-4-0\"  class=\"panel-grid-cell\" ><div id=\"panel-10-4-0-0\" class=\"so-panel widget widget_spacer-ma panel-first-child panel-last-child\" data-index=\"6\" ><div\n\t\t\t\n\t\t\tclass=\"so-widget-spacer-ma so-widget-spacer-ma-spacer-ma-style-8cdf73553d86-10\"\n\t\t\t\n\t\t><hr class=\"spacer-ma\"  \/>\n<\/div><\/div><\/div><\/div><div id=\"pg-10-5\"  class=\"panel-grid panel-no-style\" ><div id=\"pgc-10-5-0\"  class=\"panel-grid-cell\" ><div id=\"panel-10-5-0-0\" class=\"so-panel widget widget_sow-image panel-first-child panel-last-child\" data-index=\"7\" ><div\n\t\t\t\n\t\t\tclass=\"so-widget-sow-image so-widget-sow-image-default-8b5b6f678277-10\"\n\t\t\t\n\t\t>\n<div class=\"sow-image-container\">\n\t\t<img loading=\"lazy\" decoding=\"async\" src=\"https:\/\/www.eittinger.de\/cms\/wp-content\/uploads\/2020\/06\/TV_Bier_Mood_526_351.jpg\" width=\"526\" height=\"351\" srcset=\"https:\/\/www.eittinger.de\/cms\/wp-content\/uploads\/2020\/06\/TV_Bier_Mood_526_351.jpg 526w, https:\/\/www.eittinger.de\/cms\/wp-content\/uploads\/2020\/06\/TV_Bier_Mood_526_351-300x200.jpg 300w, https:\/\/www.eittinger.de\/cms\/wp-content\/uploads\/2020\/06\/TV_Bier_Mood_526_351-272x182.jpg 272w\" sizes=\"auto, (max-width: 526px) 100vw, 526px\" alt=\"\" \t\tclass=\"so-widget-image\"\/>\n\t<\/div>\n\n<\/div><\/div><\/div><div id=\"pgc-10-5-1\"  class=\"panel-grid-cell\" ><div id=\"panel-10-5-1-0\" class=\"so-panel widget widget_sow-editor panel-first-child panel-last-child\" data-index=\"8\" ><div\n\t\t\t\n\t\t\tclass=\"so-widget-sow-editor so-widget-sow-editor-base\"\n\t\t\t\n\t\t>\n<div class=\"siteorigin-widget-tinymce textwidget\">\n\t<h1 style=\"text-align: left;\">Dem Bier zuliebe<\/h1>\n<div class=\"elementor-element elementor-element-c408a2f elementor-widget elementor-widget-text-editor\" data-id=\"c408a2f\" data-element_type=\"widget\" data-widget_type=\"text-editor.default\">\n<div class=\"elementor-widget-container\">\n<div class=\"elementor-text-editor elementor-clearfix\">\n<p>Bitte das Bier k\u00fchl und dunkel lagern. Bier ist ein Frischeprodukt, Hopfen- und Aromastoffe bauen sich mit der Zeit ab. Das handwerklich hergestellte Bier ver\u00e4ndert sich st\u00e4ndig und ist nur ein paar Wochen nach der Abf\u00fcllung so, wie es gedacht war. Deshalb nicht zu lange einlagern, sondern wie bei den meisten Lebensmitteln, m\u00f6glichst frisch einkaufen und verzehren.<\/p>\n<p>Auch deshalb verwenden wir f\u00fcr alle unsere Produkte Malz und Hopfen von regionalen Anbietern.<\/p>\n<\/div>\n<\/div>\n<\/div>\n<\/div>\n<\/div><\/div><\/div><\/div><div id=\"pg-10-6\"  class=\"panel-grid panel-no-style\" ><div id=\"pgc-10-6-0\"  class=\"panel-grid-cell\" ><div id=\"panel-10-6-0-0\" class=\"so-panel widget widget_spacer-ma panel-first-child panel-last-child\" data-index=\"9\" ><div\n\t\t\t\n\t\t\tclass=\"so-widget-spacer-ma so-widget-spacer-ma-spacer-ma-style-8cdf73553d86-10\"\n\t\t\t\n\t\t><hr class=\"spacer-ma\"  \/>\n<\/div><\/div><\/div><\/div><div id=\"pg-10-7\"  class=\"panel-grid panel-has-style\" ><div class=\"siteorigin-panels-stretch panel-row-shadow panel-row-style panel-row-style-for-10-7\" data-stretch-type=\"full-stretched\" ><div id=\"pgc-10-7-0\"  class=\"panel-grid-cell\" ><div id=\"panel-10-7-0-0\" class=\"so-panel widget widget_sow-image panel-first-child panel-last-child\" data-index=\"10\" ><div\n\t\t\t\n\t\t\tclass=\"so-widget-sow-image so-widget-sow-image-default-dbf295114b96-10\"\n\t\t\t\n\t\t><\/div><\/div><\/div><\/div><\/div><\/div>","protected":false},"excerpt":{"rendered":"<p>Wof\u00fcr steht eigentlich das T.V.?Die Antwort: F\u00fcr die Initialen Tobias Vincenti.In der vierten Generation von Brauermeistern ist einiges an Erfahrung im Austausch mit der \u00e4lteren Generation \u00fcber Biere zusammen gekommen. \u00dcber zahlreiche Neuprojekte auf der Steinecker Anlage im Eittinger Ortskern hat er einiges an zus\u00e4tzlichem\u00a0Wissen durch Versuche sammeln k\u00f6nnen und so entstand das Motto: Bayrische &hellip; <a href=\"https:\/\/www.eittinger.de\/index.php\/unsere-besonderheiten\/\" class=\"more-link\">Continue reading<span class=\"screen-reader-text\"> &#8222;Unsere Besonderheiten&#8220;<\/span><\/a><\/p>\n","protected":false},"author":6,"featured_media":0,"parent":0,"menu_order":0,"comment_status":"closed","ping_status":"closed","template":"","meta":{"footnotes":""},"class_list":["post-10","page","type-page","status-publish","hentry","layout-standard"],"_links":{"self":[{"href":"https:\/\/www.eittinger.de\/index.php\/wp-json\/wp\/v2\/pages\/10","targetHints":{"allow":["GET"]}}],"collection":[{"href":"https:\/\/www.eittinger.de\/index.php\/wp-json\/wp\/v2\/pages"}],"about":[{"href":"https:\/\/www.eittinger.de\/index.php\/wp-json\/wp\/v2\/types\/page"}],"author":[{"embeddable":true,"href":"https:\/\/www.eittinger.de\/index.php\/wp-json\/wp\/v2\/users\/6"}],"replies":[{"embeddable":true,"href":"https:\/\/www.eittinger.de\/index.php\/wp-json\/wp\/v2\/comments?post=10"}],"version-history":[{"count":24,"href":"https:\/\/www.eittinger.de\/index.php\/wp-json\/wp\/v2\/pages\/10\/revisions"}],"predecessor-version":[{"id":2609,"href":"https:\/\/www.eittinger.de\/index.php\/wp-json\/wp\/v2\/pages\/10\/revisions\/2609"}],"wp:attachment":[{"href":"https:\/\/www.eittinger.de\/index.php\/wp-json\/wp\/v2\/media?parent=10"}],"curies":[{"name":"wp","href":"https:\/\/api.w.org\/{rel}","templated":true}]}}