{"id":1614,"date":"2020-05-12T09:26:11","date_gmt":"2020-05-12T07:26:11","guid":{"rendered":"http:\/\/www.eittinger.de\/?page_id=1614"},"modified":"2024-01-04T08:51:12","modified_gmt":"2024-01-04T07:51:12","slug":"bierverkostung","status":"publish","type":"page","link":"https:\/\/www.eittinger.de\/index.php\/bierverkostung\/","title":{"rendered":"Bierverkostung"},"content":{"rendered":"<div id=\"pl-1614\"  class=\"panel-layout\" ><div id=\"pg-1614-0\"  class=\"panel-grid panel-no-style\" ><div id=\"pgc-1614-0-0\"  class=\"panel-grid-cell\" ><div id=\"panel-1614-0-0-0\" class=\"so-panel widget widget_sow-editor panel-first-child panel-last-child\" data-index=\"0\" ><div\n\t\t\t\n\t\t\tclass=\"so-widget-sow-editor so-widget-sow-editor-base\"\n\t\t\t\n\t\t><h3 class=\"widget-title\">Eittinger\u00a0Bierverkostung und F\u00fchrungen<\/h3>\n<div class=\"siteorigin-widget-tinymce textwidget\">\n\t<p>Mittlerweile haben sich beim Eittinger Fischerbr\u00e4u eine Vielzahl von Biersorten angesammelt. Aber was macht eigentlich genau den Unterschied aus? Und dann ist da noch die Frage: Wie entsteht denn Bier \u00fcberhaupt? Diese und viele weitere Fragen beantworten wir Euch bei der Eittinger Bierverkostung.<\/p>\n<p>Geleitet wird das Seminar von unserem hauseigenen Biersommelier. Unsere Bierverkostungen eignen sich optimal f\u00fcr Firmenveranstaltungen oder private Feierlichkeiten. <strong><a href=\"mailto:verwaltung@eittinger.de\">Buche jetzt!<\/a><\/strong><\/p>\n<p>Inhalt der Verkostung:<\/p>\n<ul style=\"list-style-type: disc;\">\n<li>Es werden mehrere Biere verkostet<\/li>\n<li>Dauer ca. 2 h<\/li>\n<li>Es gibt eine Brotzeit<\/li>\n<li>Infos zum Thema Bier (Geschichte, Herstellung, Bierstile)<\/li>\n<li>Teilnehmerzahl: 5-12 Personen<\/li>\n<li>35,- Euro pro Person kostet die Teilnahme<\/li>\n<\/ul>\n<p><strong>Termin:\u00a0Derzeit nur auf Anfrage<br \/>\nOrt: Br\u00e4ust\u00fcberl (St.-Georg-Str. 8,\u00a085462 Eitting)<br \/>\nAnmeldung: Bitte meldet Euch telefonisch unter\u00a008122-9598960 oder via Mail an\u00a0<a href=\"mailto:verwaltung@eittinger.de\">verwaltung@eittinger.de<\/a><\/strong><\/p>\n<p>Ihr wollt unsere Brauerei n\u00e4her kennen lernen? Wissen, wie unser Bier entsteht? Dann seid Ihr bei unserer Brauereif\u00fchrung genau richtig!<\/p>\n<p>Gerne f\u00fchren wir euch durch Sudhaus, G\u00e4r- und Lagerkeller, sowie unsere Abf\u00fcllung.<\/p>\n<ul style=\"list-style-type: disc;\">\n<li>Dauer ca. 1-2 h<\/li>\n<li>Zwickeln im Lagerkeller<\/li>\n<li>Infos zum Eittinger Fischerbr\u00e4u<\/li>\n<li>Teilnehmerzahl: Gruppen zwischen 4-20 Personen<\/li>\n<li>7,- Euro pro Person kostet die Teilnahme<\/li>\n<\/ul>\n<p><strong>Termin:\u00a0Individuell vereinbar, an Sonn- und Feiertagen nur nach M\u00f6glichkeit<br \/>\nStartpunkt: Abf\u00fcllung (Gadener Str. 20,\u00a085462 Eitting)<br \/>\nAnmeldung: Bitte telefonisch unter\u00a008122-9598960 oder via Mail an\u00a0<a href=\"mailto:verwaltung@eittinger.de\">verwaltung@eittinger.de<\/a><\/strong><\/p>\n<\/div>\n<\/div><\/div><\/div><div id=\"pgc-1614-0-1\"  class=\"panel-grid-cell\" ><div id=\"panel-1614-0-1-0\" class=\"so-panel widget widget_sow-image panel-first-child panel-last-child\" data-index=\"1\" ><div\n\t\t\t\n\t\t\tclass=\"so-widget-sow-image so-widget-sow-image-default-8b5b6f678277-1614\"\n\t\t\t\n\t\t>\n<div class=\"sow-image-container\">\n\t\t<img loading=\"lazy\" decoding=\"async\" src=\"https:\/\/www.eittinger.de\/cms\/wp-content\/uploads\/2020\/05\/IMG_0449.jpg\" width=\"526\" height=\"351\" srcset=\"https:\/\/www.eittinger.de\/cms\/wp-content\/uploads\/2020\/05\/IMG_0449.jpg 526w, https:\/\/www.eittinger.de\/cms\/wp-content\/uploads\/2020\/05\/IMG_0449-300x200.jpg 300w, https:\/\/www.eittinger.de\/cms\/wp-content\/uploads\/2020\/05\/IMG_0449-272x182.jpg 272w\" sizes=\"auto, (max-width: 526px) 100vw, 526px\" alt=\"\" \t\tclass=\"so-widget-image\"\/>\n\t<\/div>\n\n<\/div><\/div><\/div><\/div><\/div>","protected":false},"excerpt":{"rendered":"<p>Mittlerweile haben sich beim Eittinger Fischerbr\u00e4u eine Vielzahl von Biersorten angesammelt. Aber was macht eigentlich genau den Unterschied aus? Und dann ist da noch die Frage: Wie entsteht denn Bier \u00fcberhaupt? Diese und viele weitere Fragen beantworten wir Euch bei der Eittinger Bierverkostung. Geleitet wird das Seminar von unserem hauseigenen Biersommelier. Unsere Bierverkostungen eignen sich &hellip; <a href=\"https:\/\/www.eittinger.de\/index.php\/bierverkostung\/\" class=\"more-link\">Continue reading<span class=\"screen-reader-text\"> &#8222;Bierverkostung&#8220;<\/span><\/a><\/p>\n","protected":false},"author":5,"featured_media":0,"parent":0,"menu_order":0,"comment_status":"closed","ping_status":"closed","template":"","meta":{"footnotes":""},"class_list":["post-1614","page","type-page","status-publish","hentry","layout-standard"],"_links":{"self":[{"href":"https:\/\/www.eittinger.de\/index.php\/wp-json\/wp\/v2\/pages\/1614","targetHints":{"allow":["GET"]}}],"collection":[{"href":"https:\/\/www.eittinger.de\/index.php\/wp-json\/wp\/v2\/pages"}],"about":[{"href":"https:\/\/www.eittinger.de\/index.php\/wp-json\/wp\/v2\/types\/page"}],"author":[{"embeddable":true,"href":"https:\/\/www.eittinger.de\/index.php\/wp-json\/wp\/v2\/users\/5"}],"replies":[{"embeddable":true,"href":"https:\/\/www.eittinger.de\/index.php\/wp-json\/wp\/v2\/comments?post=1614"}],"version-history":[{"count":13,"href":"https:\/\/www.eittinger.de\/index.php\/wp-json\/wp\/v2\/pages\/1614\/revisions"}],"predecessor-version":[{"id":2709,"href":"https:\/\/www.eittinger.de\/index.php\/wp-json\/wp\/v2\/pages\/1614\/revisions\/2709"}],"wp:attachment":[{"href":"https:\/\/www.eittinger.de\/index.php\/wp-json\/wp\/v2\/media?parent=1614"}],"curies":[{"name":"wp","href":"https:\/\/api.w.org\/{rel}","templated":true}]}}