{"id":188,"date":"2016-09-04T13:08:41","date_gmt":"2016-09-04T11:08:41","guid":{"rendered":"http:\/\/localhost\/eittinger\/?page_id=188"},"modified":"2023-01-09T12:15:31","modified_gmt":"2023-01-09T11:15:31","slug":"home","status":"publish","type":"page","link":"https:\/\/www.eittinger.de\/index.php\/home\/","title":{"rendered":"home"},"content":{"rendered":"<div id=\"pl-188\"  class=\"panel-layout\" ><div id=\"pg-188-0\"  class=\"panel-grid panel-has-style\" ><div class=\"siteorigin-panels-stretch panel-row-shadow panel-row-disable_margin_bottom panel-row-style panel-row-style-for-188-0\" data-stretch-type=\"full-stretched\" ><div id=\"pgc-188-0-0\"  class=\"panel-grid-cell\" ><div id=\"panel-188-0-0-0\" class=\"so-panel widget widget_slider-ma panel-first-child panel-last-child\" data-index=\"0\" ><div\n\t\t\t\n\t\t\tclass=\"so-widget-slider-ma so-widget-slider-ma-slider-ma-style-57cb3320b3de-188\"\n\t\t\t\n\t\t>\n\t<div class=\"flexslider ma-flexslider prevnextnav-on prevnextsize-normal imageposition-background ma-flexslider-main\" data-slideshowspeed=\"4000\" data-animationspeed=\"600\" data-controlnav=\"0\" data-effect=\"slide\" data-slideshow=\"1\" data-itemwidth=\"0\" data-itemmargin=\"0\"  >\n\t<ul class=\"slides\">\n\t\t<li class=\"fframe\"  style=\"display:none;background-image: url(https:\/\/www.eittinger.de\/cms\/wp-content\/uploads\/2020\/04\/LS_2020_02_1280_400.jpg); min-height:400px;\">\n\t\t<a href=\"https:\/\/www.eittinger.de\/index.php\/heimdienst-partydienst\/\"  class=\"image_link \" >\n\t\t\t<div class=\"flex-caption\"><h3 class=\"textshadow\" style=\"text-align: center;\"><span style=\"color: #ffffff;\"><span style=\"font-size: 96px;\">Wir liefern bis nach Hause<\/span><\/span><\/h3>\n<p style=\"text-align: center;\"><span class=\"textbutton\" data-href=\"https:\/\/www.eittinger.de\/index.php\/heimdienst-partydienst\/\">EITtingER bringt's<\/span><\/p>\n<\/div>\n\t\t<\/a>\n\t\t<\/li>\n\t\t<li class=\"fframe\"  style=\"display:none;background-image: url(https:\/\/www.eittinger.de\/cms\/wp-content\/uploads\/2021\/05\/2021-04-12-ColaMix_web-e1622231281573.jpg); min-height:400px;\">\n\t\t<a href=\"https:\/\/www.eittinger.de\/index.php\/product\/eittinger-cola-mix\/\"  class=\"image_link \" >\n\t\t\t<div class=\"flex-caption\"><h1 class=\"textshadow\" style=\"text-align: center;\">\u00a0<\/h1>\n<p style=\"text-align: center;\"><span class=\"textbutton\" data-href=\"http:\/\/www.eittinger.de\/index.php\/product\/eittinger-cola-mix\/\">Zum Cola mix<\/span><\/p>\n<\/div>\n\t\t<\/a>\n\t\t<\/li>\n\t\t<li class=\"fframe\"  style=\"display:none;background-image: url(https:\/\/www.eittinger.de\/cms\/wp-content\/uploads\/2020\/06\/Slider_1_1280_400.jpg); min-height:400px;\">\n\t\t<a href=\"http:\/\/www.eittinger.de\/index.php\/unsere-besonderheiten\/\"  class=\"image_link \" >\n\t\t\t<div class=\"flex-caption\"><h1 class=\"textshadow\" style=\"text-align: center;\"><span style=\"font-size: 2em; color: #ffffff;\">Das T.V. Bier<br \/>\n<\/span><\/h1>\n<p style=\"text-align: center;\"><span class=\"textbutton\" data-href=\"https:\/\/www.eittinger.de\/index.php\/unsere-besonderheiten\/\">Zum t.v. bier<\/span><\/p>\n<\/div>\n\t\t<\/a>\n\t\t<\/li>\n\t<\/ul>\n\t<\/div><div class=\"clear\">&nbsp;<\/div><\/div><\/div><\/div><\/div><\/div><div id=\"pg-188-1\"  class=\"panel-grid panel-has-style\" ><div class=\"siteorigin-panels-stretch panel-row-shadow panel-row-style panel-row-style-for-188-1\" data-stretch-type=\"full-stretched\" ><div id=\"pgc-188-1-0\"  class=\"panel-grid-cell\" ><div id=\"panel-188-1-0-0\" class=\"so-panel widget widget_imageteaser_ma panel-first-child panel-last-child\" data-index=\"1\" ><div\n\t\t\t\n\t\t\tclass=\"so-widget-imageteaser_ma so-widget-imageteaser_ma-imageteaser_ma-style-8ad5c3d37aad-188\"\n\t\t\t\n\t\t>\n\t<a href=\"http:\/\/www.eittinger.de\/index.php\/products\/biere\/\"  class=\"imageteaser_ma image_back\" style=\"background-image: url(https:\/\/www.eittinger.de\/cms\/wp-content\/uploads\/2016\/09\/Eittinger_Fischerbraeu_Bier_Startkachel_Getraenke_3_426x340.jpg);\" data-ratio=\"1.25294117647\">\n\t\t<div class=\"imageteaser_ma_text\">\n\t\t<div class=\"imageteaser_ma_text_inner\"><h1 class=\"textshadow\" style=\"text-align: center;\"><span style=\"color: #ffffff;\">Unsere Getr\u00e4nke<\/span><\/h1>\n<p style=\"text-align: center;\"><span class=\"textbutton\" data-href=\"http:\/\/www.eittinger.de\/index.php\/product\/eittinger-hell\/\">MEHR<\/span><\/p>\n\t\t<\/div>\n\t\t<\/div>\n\t<\/a><\/div><\/div><\/div><div id=\"pgc-188-1-1\"  class=\"panel-grid-cell\" ><div id=\"panel-188-1-1-0\" class=\"so-panel widget widget_imageteaser_ma panel-first-child panel-last-child\" data-index=\"2\" ><div\n\t\t\t\n\t\t\tclass=\"so-widget-imageteaser_ma so-widget-imageteaser_ma-imageteaser_ma-style-8ad5c3d37aad-188\"\n\t\t\t\n\t\t>\n\t<a href=\"http:\/\/www.eittinger.de\/index.php\/geschichte\/\"  class=\"imageteaser_ma image_back\" style=\"background-image: url(https:\/\/www.eittinger.de\/cms\/wp-content\/uploads\/2016\/09\/Eittinger_Fischerbraeu_Bier_Startkachel_Brauerei_4_426x340.jpg);\" data-ratio=\"1.25294117647\">\n\t\t<div class=\"imageteaser_ma_text\">\n\t\t<div class=\"imageteaser_ma_text_inner\"><h1 class=\"textshadow\" style=\"text-align: center;\"><span style=\"color: #ffff00;\"><span style=\"color: #ffffff;\">Unsere Brauerei<\/span>\n<\/span><\/h1>\n<p style=\"text-align: center;\"><span class=\"textbutton\" data-href=\"http:\/\/www.eittinger.de\/index.php\/brauerei\/\">Mehr<\/span><\/p>\n\t\t<\/div>\n\t\t<\/div>\n\t<\/a><\/div><\/div><\/div><div id=\"pgc-188-1-2\"  class=\"panel-grid-cell\" ><div id=\"panel-188-1-2-0\" class=\"so-panel widget widget_imageteaser_ma panel-first-child panel-last-child\" data-index=\"3\" ><div\n\t\t\t\n\t\t\tclass=\"so-widget-imageteaser_ma so-widget-imageteaser_ma-imageteaser_ma-style-8ad5c3d37aad-188\"\n\t\t\t\n\t\t>\n\t<a href=\"http:\/\/www.eittinger.de\/index.php\/braeustueberl\/\"  class=\"imageteaser_ma image_back\" style=\"background-image: url(https:\/\/www.eittinger.de\/cms\/wp-content\/uploads\/2016\/09\/Eittinger_Fischerbraeu_Bier_Startkachel_Braustueberl_3_426x340.jpg);\" data-ratio=\"1.25294117647\">\n\t\t<div class=\"imageteaser_ma_text\">\n\t\t<div class=\"imageteaser_ma_text_inner\"><h1 class=\"textshadow\" style=\"text-align: center;\"><span style=\"color: #ffff00;\"><span style=\"color: #ffffff;\">Unser Br\u00e4ust\u00fcberl<\/span>\n<\/span><\/h1>\n<p style=\"text-align: center;\"><span class=\"textbutton\" data-href=\"http:\/\/www.eittinger.de\/index.php\/braeustueberl\/\">Mehr<\/span><\/p>\n\t\t<\/div>\n\t\t<\/div>\n\t<\/a><\/div><\/div><\/div><\/div><\/div><\/div>","protected":false},"excerpt":{"rendered":"<p>Wir liefern bis nach Hause EITtingER bringt&#8217;s \u00a0 Zum Cola mix Das T.V. Bier Zum t.v. bier &nbsp; Unsere Getr\u00e4nke MEHR Unsere Brauerei Mehr Unser Br\u00e4ust\u00fcberl Mehr<\/p>\n","protected":false},"author":6,"featured_media":0,"parent":0,"menu_order":0,"comment_status":"closed","ping_status":"closed","template":"","meta":{"footnotes":""},"class_list":["post-188","page","type-page","status-publish","hentry","layout-standard"],"_links":{"self":[{"href":"https:\/\/www.eittinger.de\/index.php\/wp-json\/wp\/v2\/pages\/188","targetHints":{"allow":["GET"]}}],"collection":[{"href":"https:\/\/www.eittinger.de\/index.php\/wp-json\/wp\/v2\/pages"}],"about":[{"href":"https:\/\/www.eittinger.de\/index.php\/wp-json\/wp\/v2\/types\/page"}],"author":[{"embeddable":true,"href":"https:\/\/www.eittinger.de\/index.php\/wp-json\/wp\/v2\/users\/6"}],"replies":[{"embeddable":true,"href":"https:\/\/www.eittinger.de\/index.php\/wp-json\/wp\/v2\/comments?post=188"}],"version-history":[{"count":70,"href":"https:\/\/www.eittinger.de\/index.php\/wp-json\/wp\/v2\/pages\/188\/revisions"}],"predecessor-version":[{"id":2124,"href":"https:\/\/www.eittinger.de\/index.php\/wp-json\/wp\/v2\/pages\/188\/revisions\/2124"}],"wp:attachment":[{"href":"https:\/\/www.eittinger.de\/index.php\/wp-json\/wp\/v2\/media?parent=188"}],"curies":[{"name":"wp","href":"https:\/\/api.w.org\/{rel}","templated":true}]}}