{"id":22,"date":"2016-08-26T12:01:40","date_gmt":"2016-08-26T10:01:40","guid":{"rendered":"http:\/\/localhost\/eittinger\/?page_id=22"},"modified":"2022-05-11T14:53:51","modified_gmt":"2022-05-11T12:53:51","slug":"geschichte","status":"publish","type":"page","link":"https:\/\/www.eittinger.de\/index.php\/geschichte\/","title":{"rendered":"Geschichte"},"content":{"rendered":"<div id=\"pl-22\"  class=\"panel-layout\" ><div id=\"pg-22-0\"  class=\"panel-grid panel-no-style\" ><div id=\"pgc-22-0-0\"  class=\"panel-grid-cell\" ><div id=\"panel-22-0-0-0\" class=\"so-panel widget widget_sow-editor panel-first-child panel-last-child\" data-index=\"0\" ><div\n\t\t\t\n\t\t\tclass=\"so-widget-sow-editor so-widget-sow-editor-base\"\n\t\t\t\n\t\t>\n<div class=\"siteorigin-widget-tinymce textwidget\">\n\t<h1 style=\"text-align: center;\">Unsere Brauerei<\/h1>\n<\/div>\n<\/div><\/div><\/div><\/div><div id=\"pg-22-1\"  class=\"panel-grid panel-no-style\" ><div id=\"pgc-22-1-0\"  class=\"panel-grid-cell panel-grid-cell-empty panel-grid-cell-mobile-last\" ><\/div><div id=\"pgc-22-1-1\"  class=\"panel-grid-cell panel-grid-cell-empty\" ><\/div><\/div><div id=\"pg-22-2\"  class=\"panel-grid panel-no-style\" ><div id=\"pgc-22-2-0\"  class=\"panel-grid-cell\" ><div id=\"panel-22-2-0-0\" class=\"so-panel widget widget_spacer-ma panel-first-child panel-last-child\" data-index=\"1\" ><div\n\t\t\t\n\t\t\tclass=\"so-widget-spacer-ma so-widget-spacer-ma-spacer-ma-style-8cdf73553d86-22\"\n\t\t\t\n\t\t><hr class=\"spacer-ma\"  \/>\n<\/div><\/div><\/div><\/div><div id=\"pg-22-3\"  class=\"panel-grid panel-no-style\" ><div id=\"pgc-22-3-0\"  class=\"panel-grid-cell\" ><div id=\"panel-22-3-0-0\" class=\"so-panel widget widget_sow-editor panel-first-child panel-last-child\" data-index=\"2\" ><div\n\t\t\t\n\t\t\tclass=\"so-widget-sow-editor so-widget-sow-editor-base\"\n\t\t\t\n\t\t>\n<div class=\"siteorigin-widget-tinymce textwidget\">\n\t<h3><a href=\"#vvv\">Damals<\/a><\/h3>\n<p>1932 wurde die Brauerei Eittinger Fischerbr\u00e4u von Albert Fischer gegr\u00fcndet, der die Kantine des damals neuen Kraftwerkes in Eitting aufkaufte und zu einer Brauerei umfunktionierte. Der Erfolg lie\u00df nicht lange auf sich warten. Denn in der Zeit bis zu seinem Tode 1957 steigerte er den Bieraussto\u00df der Gasthausbrauerei bis auf 1.000 Hektoliter pro Jahr.<\/p>\n<p>Da sein einziger Sohn im 2. Weltkrieg starb, f\u00fchrte der \u00e4lteste Neffe Oskar Vincenti von 1957 bis 1989 die Brauerei, nachdem er eine Lehre im Hofbr\u00e4uhaus M\u00fcnchen absolviert hatte. Auch ihm gelang es die Aussto\u00dfmenge kontinuierlich zu erh\u00f6hen (bis zu circa 3.000 Hektoliter pro Jahr).<\/p>\n<\/div>\n<\/div><\/div><\/div><div id=\"pgc-22-3-1\"  class=\"panel-grid-cell\" ><div id=\"panel-22-3-1-0\" class=\"so-panel widget widget_sow-image panel-first-child panel-last-child\" data-index=\"3\" ><div\n\t\t\t\n\t\t\tclass=\"so-widget-sow-image so-widget-sow-image-default-dbf295114b96-22\"\n\t\t\t\n\t\t>\n<div class=\"sow-image-container\">\n\t\t<img loading=\"lazy\" decoding=\"async\" src=\"https:\/\/www.eittinger.de\/cms\/wp-content\/uploads\/2016\/09\/Eittinger_Fischerbraeu_Bier_Inhalt_Brauerei_5_526x358.jpg\" width=\"526\" height=\"358\" srcset=\"https:\/\/www.eittinger.de\/cms\/wp-content\/uploads\/2016\/09\/Eittinger_Fischerbraeu_Bier_Inhalt_Brauerei_5_526x358.jpg 526w, https:\/\/www.eittinger.de\/cms\/wp-content\/uploads\/2016\/09\/Eittinger_Fischerbraeu_Bier_Inhalt_Brauerei_5_526x358-300x204.jpg 300w\" sizes=\"auto, (max-width: 526px) 100vw, 526px\" title=\"eittinger_fischerbraeu_bier_inhalt_brauerei_5_526x358\" alt=\"\" \t\tclass=\"so-widget-image\"\/>\n\t<\/div>\n\n<\/div><\/div><\/div><\/div><div id=\"pg-22-4\"  class=\"panel-grid panel-no-style\" ><div id=\"pgc-22-4-0\"  class=\"panel-grid-cell\" ><div id=\"panel-22-4-0-0\" class=\"so-panel widget widget_spacer-ma panel-first-child panel-last-child\" data-index=\"4\" ><div\n\t\t\t\n\t\t\tclass=\"so-widget-spacer-ma so-widget-spacer-ma-spacer-ma-style-8cdf73553d86-22\"\n\t\t\t\n\t\t><hr class=\"spacer-ma\"  \/>\n<\/div><\/div><\/div><\/div><div id=\"pg-22-5\"  class=\"panel-grid panel-no-style\" ><div id=\"pgc-22-5-0\"  class=\"panel-grid-cell\" ><div id=\"panel-22-5-0-0\" class=\"so-panel widget widget_sow-image panel-first-child panel-last-child\" data-index=\"5\" ><div\n\t\t\t\n\t\t\tclass=\"so-widget-sow-image so-widget-sow-image-default-dbf295114b96-22\"\n\t\t\t\n\t\t>\n<div class=\"sow-image-container\">\n\t\t<img loading=\"lazy\" decoding=\"async\" src=\"https:\/\/www.eittinger.de\/cms\/wp-content\/uploads\/2016\/09\/Eittinger_Fischerbraeu_Bier_Inhalt_Kontakt_1_526x358.jpg\" width=\"526\" height=\"358\" srcset=\"https:\/\/www.eittinger.de\/cms\/wp-content\/uploads\/2016\/09\/Eittinger_Fischerbraeu_Bier_Inhalt_Kontakt_1_526x358.jpg 526w, https:\/\/www.eittinger.de\/cms\/wp-content\/uploads\/2016\/09\/Eittinger_Fischerbraeu_Bier_Inhalt_Kontakt_1_526x358-300x204.jpg 300w\" sizes=\"auto, (max-width: 526px) 100vw, 526px\" title=\"eittinger_fischerbraeu_bier_inhalt_kontakt_1_526x358\" alt=\"\" \t\tclass=\"so-widget-image\"\/>\n\t<\/div>\n\n<\/div><\/div><\/div><div id=\"pgc-22-5-1\"  class=\"panel-grid-cell\" ><div id=\"panel-22-5-1-0\" class=\"so-panel widget widget_sow-editor panel-first-child panel-last-child\" data-index=\"6\" ><div\n\t\t\t\n\t\t\tclass=\"so-widget-sow-editor so-widget-sow-editor-base\"\n\t\t\t\n\t\t>\n<div class=\"siteorigin-widget-tinymce textwidget\">\n\t<h3>Damals wie heute \u2014 die Brauerei<\/h3>\n<p>1990 \u00fcbernahm Dipl. Braumeister Christoph Vincenti, der seine Zeit der Ausbildung und des Studiums in Weihenstephan verbrachte, den Betrieb und leitet diesen bis heute, mittlerweile zusammen mit seinem Sohn Tobias.<\/p>\n<p>Nicht unweit des Ortskerns und direkt gegen\u00fcber der Kirche befindet sich die Brauerei samt Sudhaus und Br\u00e4ust\u00fcberl. Das Sudhaus wurde 1976 von Steinecker (heute Krones) errichtet und es k\u00f6nnen pro Sud 50 Hektoliter Bier produziert werden. Wie damals werden alle Biere per Hand unter dem wachsamen Auge der Brauer hergestellt.<\/p>\n<\/div>\n<\/div><\/div><\/div><\/div><div id=\"pg-22-6\"  class=\"panel-grid panel-no-style\" ><div id=\"pgc-22-6-0\"  class=\"panel-grid-cell\" ><div id=\"panel-22-6-0-0\" class=\"so-panel widget widget_spacer-ma panel-first-child panel-last-child\" data-index=\"7\" ><div\n\t\t\t\n\t\t\tclass=\"so-widget-spacer-ma so-widget-spacer-ma-spacer-ma-style-8cdf73553d86-22\"\n\t\t\t\n\t\t><hr class=\"spacer-ma\"  \/>\n<\/div><\/div><\/div><\/div><div id=\"pg-22-7\"  class=\"panel-grid panel-no-style\" ><div id=\"pgc-22-7-0\"  class=\"panel-grid-cell\" ><div id=\"panel-22-7-0-0\" class=\"so-panel widget widget_sow-editor panel-first-child panel-last-child\" data-index=\"8\" ><div\n\t\t\t\n\t\t\tclass=\"so-widget-sow-editor so-widget-sow-editor-base\"\n\t\t\t\n\t\t>\n<div class=\"siteorigin-widget-tinymce textwidget\">\n\t<h3>Heute<\/h3>\n<p>In unserem Unternehmen arbeiten 15 Personen, die gew\u00e4hrleisten, das st\u00e4ndig Bier unsere Produktion verl\u00e4sst. Auch Limonaden und andere Softgetr\u00e4nke werden in der Abf\u00fcllung hergestellt und zusammen mit anderen Handelswaren in unserer Brauerei, im Heimdienst und in Getr\u00e4nkem\u00e4rkten vertrieben.<\/p>\n<\/div>\n<\/div><\/div><\/div><div id=\"pgc-22-7-1\"  class=\"panel-grid-cell\" ><div id=\"panel-22-7-1-0\" class=\"so-panel widget widget_sow-image panel-first-child panel-last-child\" data-index=\"9\" ><div\n\t\t\t\n\t\t\tclass=\"so-widget-sow-image so-widget-sow-image-default-dbf295114b96-22\"\n\t\t\t\n\t\t>\n<div class=\"sow-image-container\">\n\t\t<img loading=\"lazy\" decoding=\"async\" src=\"https:\/\/www.eittinger.de\/cms\/wp-content\/uploads\/2017\/08\/DSC_5208.jpg\" width=\"526\" height=\"351\" srcset=\"https:\/\/www.eittinger.de\/cms\/wp-content\/uploads\/2017\/08\/DSC_5208.jpg 526w, https:\/\/www.eittinger.de\/cms\/wp-content\/uploads\/2017\/08\/DSC_5208-300x200.jpg 300w, https:\/\/www.eittinger.de\/cms\/wp-content\/uploads\/2017\/08\/DSC_5208-272x182.jpg 272w\" sizes=\"auto, (max-width: 526px) 100vw, 526px\" alt=\"\" \t\tclass=\"so-widget-image\"\/>\n\t<\/div>\n\n<\/div><\/div><\/div><\/div><div id=\"pg-22-8\"  class=\"panel-grid panel-has-style\" ><div id=\"vvv\" class=\"panel-row-style panel-row-style-for-22-8\" ><div id=\"pgc-22-8-0\"  class=\"panel-grid-cell\" ><div id=\"panel-22-8-0-0\" class=\"so-panel widget widget_spacer-ma panel-first-child panel-last-child\" data-index=\"10\" ><div class=\"panel-widget-style panel-widget-style-for-22-8-0-0\" ><div\n\t\t\t\n\t\t\tclass=\"so-widget-spacer-ma so-widget-spacer-ma-spacer-ma-style-8cdf73553d86-22\"\n\t\t\t\n\t\t><hr class=\"spacer-ma\"  \/>\n<\/div><\/div><\/div><\/div><\/div><\/div><div id=\"pg-22-9\"  class=\"panel-grid panel-has-style\" ><div id=\"vvv-2\" class=\"panel-row-style panel-row-style-for-22-9\" ><div id=\"pgc-22-9-0\"  class=\"panel-grid-cell\" ><div id=\"panel-22-9-0-0\" class=\"so-panel widget widget_sow-image panel-first-child panel-last-child\" data-index=\"11\" ><div\n\t\t\t\n\t\t\tclass=\"so-widget-sow-image so-widget-sow-image-default-dbf295114b96-22\"\n\t\t\t\n\t\t>\n<div class=\"sow-image-container\">\n\t\t<img loading=\"lazy\" decoding=\"async\" src=\"https:\/\/www.eittinger.de\/cms\/wp-content\/uploads\/2016\/09\/Eittinger_Fischerbraeu_Bier_Inhalt_Brauerei_8_526x358.jpg\" width=\"526\" height=\"358\" srcset=\"https:\/\/www.eittinger.de\/cms\/wp-content\/uploads\/2016\/09\/Eittinger_Fischerbraeu_Bier_Inhalt_Brauerei_8_526x358.jpg 526w, https:\/\/www.eittinger.de\/cms\/wp-content\/uploads\/2016\/09\/Eittinger_Fischerbraeu_Bier_Inhalt_Brauerei_8_526x358-300x204.jpg 300w\" sizes=\"auto, (max-width: 526px) 100vw, 526px\" title=\"eittinger_fischerbraeu_bier_inhalt_brauerei_8_526x358\" alt=\"\" \t\tclass=\"so-widget-image\"\/>\n\t<\/div>\n\n<\/div><\/div><\/div><div id=\"pgc-22-9-1\"  class=\"panel-grid-cell\" ><div id=\"panel-22-9-1-0\" class=\"so-panel widget widget_sow-editor panel-first-child panel-last-child\" data-index=\"12\" ><div\n\t\t\t\n\t\t\tclass=\"so-widget-sow-editor so-widget-sow-editor-base\"\n\t\t\t\n\t\t>\n<div class=\"siteorigin-widget-tinymce textwidget\">\n\t<h3>Kontinuierliches Wachstum<\/h3>\n<p>2002 wurde der Neubau mit F\u00fcllerei am Eittinger Ortsrand (Gadener Str. 20) fertiggestellt. Neben unserer Abf\u00fcllung befinden sich dort seit 2014\/2015 auch f\u00fcnf neue G\u00e4r- und Lagertanks mit einer F\u00fcllmenge von 180 hl bzw. 240 hl. Seitdem sind wir in der Lage, die Produktion und die Aussto\u00dfmenge kontinuierlich zu erh\u00f6hen.<\/p>\n<p>Zus\u00e4tzlich beherbergt der neue Standort die Filtration und die Lagerlogistik, samt B\u00fcrokomplex und Fuhrpark.<\/p>\n<\/div>\n<\/div><\/div><\/div><\/div><\/div><div id=\"pg-22-10\"  class=\"panel-grid panel-no-style\" ><div id=\"pgc-22-10-0\"  class=\"panel-grid-cell\" ><div id=\"panel-22-10-0-0\" class=\"so-panel widget widget_spacer-ma panel-first-child panel-last-child\" data-index=\"13\" ><div\n\t\t\t\n\t\t\tclass=\"so-widget-spacer-ma so-widget-spacer-ma-spacer-ma-style-8cdf73553d86-22\"\n\t\t\t\n\t\t><hr class=\"spacer-ma\"  \/>\n<\/div><\/div><\/div><\/div><div id=\"pg-22-11\"  class=\"panel-grid panel-no-style\" ><div id=\"pgc-22-11-0\"  class=\"panel-grid-cell\" ><div id=\"panel-22-11-0-0\" class=\"so-panel widget widget_sow-editor panel-first-child panel-last-child\" data-index=\"14\" ><div\n\t\t\t\n\t\t\tclass=\"so-widget-sow-editor so-widget-sow-editor-base\"\n\t\t\t\n\t\t>\n<div class=\"siteorigin-widget-tinymce textwidget\">\n\t<h3>Qualit\u00e4t und Frische<\/h3>\n<p>Effiziente Arbeitsabl\u00e4ufe, modernste Anlagen und Kontrollsysteme sorgen daf\u00fcr, dass ausschlie\u00dflich qualitativ hochwertige Produkte den Hof verlassen und direkt geliefert werden k\u00f6nnen. Somit ist gew\u00e4hrleistet, dass die K\u00fchlkette nicht unterbrochen und die Lagerungszeit so kurz wie m\u00f6glich gehalten werden kann.<\/p>\n<p>Zudem setzen wir auf regionale Rohstoffe. Das Malz wird in einem Umkreis von 60 km angebaut und verm\u00e4lzt und der eingesetzte Hopfen stammt aus der Hallertau sowie aus Tettnang. Auch so ist gew\u00e4hrleistet, dass immer frische Produkte entstehen.<\/p>\n<p>\u00dcbrigens ist unsere Qualit\u00e4t auch im Erdinger Landkreisbuch zu finden. Dort k\u00f6nnt ihr uns auf Seite 93 im nachfolgenden Link finden.<\/p>\n<h3><span style=\"font-size: 0.8em;\"><a href=\"https:\/\/www.yumpu.com\/de\/embed\/view\/TgcbjLxG31uY0Hs8\" target=\"_blank\" rel=\"noopener\">Landkreisbuch Erding<\/a><\/span><\/h3>\n<\/div>\n<\/div><\/div><\/div><div id=\"pgc-22-11-1\"  class=\"panel-grid-cell\" ><div id=\"panel-22-11-1-0\" class=\"so-panel widget widget_sow-image panel-first-child panel-last-child\" data-index=\"15\" ><div\n\t\t\t\n\t\t\tclass=\"so-widget-sow-image so-widget-sow-image-default-dbf295114b96-22\"\n\t\t\t\n\t\t>\n<div class=\"sow-image-container\">\n\t\t<img loading=\"lazy\" decoding=\"async\" src=\"https:\/\/www.eittinger.de\/cms\/wp-content\/uploads\/2016\/09\/Eittinger_Fischerbraeu_Bier_Inhalt_Brauerei_2_526x358.jpg\" width=\"526\" height=\"358\" srcset=\"https:\/\/www.eittinger.de\/cms\/wp-content\/uploads\/2016\/09\/Eittinger_Fischerbraeu_Bier_Inhalt_Brauerei_2_526x358.jpg 526w, https:\/\/www.eittinger.de\/cms\/wp-content\/uploads\/2016\/09\/Eittinger_Fischerbraeu_Bier_Inhalt_Brauerei_2_526x358-300x204.jpg 300w\" sizes=\"auto, (max-width: 526px) 100vw, 526px\" title=\"eittinger_fischerbraeu_bier_inhalt_brauerei_2_526x358\" alt=\"\" \t\tclass=\"so-widget-image\"\/>\n\t<\/div>\n\n<\/div><\/div><\/div><\/div><div id=\"pg-22-12\"  class=\"panel-grid panel-no-style\" ><div id=\"pgc-22-12-0\"  class=\"panel-grid-cell\" ><div id=\"panel-22-12-0-0\" class=\"so-panel widget widget_spacer-ma panel-first-child panel-last-child\" data-index=\"16\" ><div\n\t\t\t\n\t\t\tclass=\"so-widget-spacer-ma so-widget-spacer-ma-spacer-ma-style-8cdf73553d86-22\"\n\t\t\t\n\t\t><hr class=\"spacer-ma\"  \/>\n<\/div><\/div><\/div><\/div><div id=\"pg-22-13\"  class=\"panel-grid panel-no-style\" ><div id=\"pgc-22-13-0\"  class=\"panel-grid-cell\" ><div id=\"panel-22-13-0-0\" class=\"so-panel widget widget_sow-image panel-first-child panel-last-child\" data-index=\"17\" ><div\n\t\t\t\n\t\t\tclass=\"so-widget-sow-image so-widget-sow-image-default-dbf295114b96-22\"\n\t\t\t\n\t\t>\n<div class=\"sow-image-container\">\n\t\t<img loading=\"lazy\" decoding=\"async\" src=\"https:\/\/www.eittinger.de\/cms\/wp-content\/uploads\/2016\/09\/Eittinger_Fischerbraeu_Bier_Inhalt_Brauerei_7_526x358.jpg\" width=\"526\" height=\"358\" srcset=\"https:\/\/www.eittinger.de\/cms\/wp-content\/uploads\/2016\/09\/Eittinger_Fischerbraeu_Bier_Inhalt_Brauerei_7_526x358.jpg 526w, https:\/\/www.eittinger.de\/cms\/wp-content\/uploads\/2016\/09\/Eittinger_Fischerbraeu_Bier_Inhalt_Brauerei_7_526x358-300x204.jpg 300w\" sizes=\"auto, (max-width: 526px) 100vw, 526px\" title=\"eittinger_fischerbraeu_bier_inhalt_brauerei_7_526x358\" alt=\"\" \t\tclass=\"so-widget-image\"\/>\n\t<\/div>\n\n<\/div><\/div><\/div><div id=\"pgc-22-13-1\"  class=\"panel-grid-cell\" ><div id=\"panel-22-13-1-0\" class=\"so-panel widget widget_sow-editor panel-first-child panel-last-child\" data-index=\"18\" ><div\n\t\t\t\n\t\t\tclass=\"so-widget-sow-editor so-widget-sow-editor-base\"\n\t\t\t\n\t\t>\n<div class=\"siteorigin-widget-tinymce textwidget\">\n\t<h3>Wir kommen zu Ihnen<\/h3>\n<p>Mit unseren vier LKWs werden die Getr\u00e4nke ab Rampe bis vor die Haust\u00fcr unserer Kunden und Gesch\u00e4ftspartner geliefert.<\/p>\n<p><a class=\"textbutton\" href=\"http:\/\/www.eittinger.de\/index.php\/heimdienst-partydienst\/\">Lieferservice<\/a><\/p>\n<\/div>\n<\/div><\/div><\/div><\/div><\/div>","protected":false},"excerpt":{"rendered":"<p>Unsere Brauerei<\/p>\n","protected":false},"author":6,"featured_media":0,"parent":0,"menu_order":0,"comment_status":"closed","ping_status":"closed","template":"","meta":{"footnotes":""},"class_list":["post-22","page","type-page","status-publish","hentry","layout-standard"],"_links":{"self":[{"href":"https:\/\/www.eittinger.de\/index.php\/wp-json\/wp\/v2\/pages\/22","targetHints":{"allow":["GET"]}}],"collection":[{"href":"https:\/\/www.eittinger.de\/index.php\/wp-json\/wp\/v2\/pages"}],"about":[{"href":"https:\/\/www.eittinger.de\/index.php\/wp-json\/wp\/v2\/types\/page"}],"author":[{"embeddable":true,"href":"https:\/\/www.eittinger.de\/index.php\/wp-json\/wp\/v2\/users\/6"}],"replies":[{"embeddable":true,"href":"https:\/\/www.eittinger.de\/index.php\/wp-json\/wp\/v2\/comments?post=22"}],"version-history":[{"count":24,"href":"https:\/\/www.eittinger.de\/index.php\/wp-json\/wp\/v2\/pages\/22\/revisions"}],"predecessor-version":[{"id":1416,"href":"https:\/\/www.eittinger.de\/index.php\/wp-json\/wp\/v2\/pages\/22\/revisions\/1416"}],"wp:attachment":[{"href":"https:\/\/www.eittinger.de\/index.php\/wp-json\/wp\/v2\/media?parent=22"}],"curies":[{"name":"wp","href":"https:\/\/api.w.org\/{rel}","templated":true}]}}