{"id":294,"date":"2016-09-15T10:29:57","date_gmt":"2016-09-15T08:29:57","guid":{"rendered":"http:\/\/www.eittinger.com\/cms\/?page_id=294"},"modified":"2026-02-05T11:48:46","modified_gmt":"2026-02-05T10:48:46","slug":"kontakt","status":"publish","type":"page","link":"https:\/\/www.eittinger.de\/index.php\/kontakt\/","title":{"rendered":"Kontakt"},"content":{"rendered":"<div id=\"pl-294\"  class=\"panel-layout\" ><div id=\"pg-294-0\"  class=\"panel-grid panel-no-style\" ><div id=\"pgc-294-0-0\"  class=\"panel-grid-cell\" ><div id=\"panel-294-0-0-0\" class=\"so-panel widget widget_sow-editor panel-first-child panel-last-child\" data-index=\"0\" ><div\n\t\t\t\n\t\t\tclass=\"so-widget-sow-editor so-widget-sow-editor-base\"\n\t\t\t\n\t\t>\n<div class=\"siteorigin-widget-tinymce textwidget\">\n\t<h1 style=\"text-align: center;\">Kontakt<\/h1>\n<\/div>\n<\/div><\/div><\/div><\/div><div id=\"pg-294-1\"  class=\"panel-grid panel-no-style\" ><div id=\"pgc-294-1-0\"  class=\"panel-grid-cell\" ><div id=\"panel-294-1-0-0\" class=\"so-panel widget widget_sow-editor panel-first-child panel-last-child\" data-index=\"1\" ><div\n\t\t\t\n\t\t\tclass=\"so-widget-sow-editor so-widget-sow-editor-base\"\n\t\t\t\n\t\t>\n<div class=\"siteorigin-widget-tinymce textwidget\">\n\t<h3>Brauerei<\/h3>\n<p>Gadener Str. 20<br \/>\n85462 Eitting<br \/>\nTel.: 08122-9598960<br \/>\nFax: 08122-9598965<br \/>\nMail: <a href=\"mailto:verwaltung@eittinger.de\">verwaltung@eittinger.de<\/a><\/p>\n<h3>Br\u00e4ust\u00fcberl<\/h3>\n<p>St.-Georg-Str. 8<br \/>\n85462 Eitting<br \/>\nTel.: 08122-42902<br \/>\nFax: 08122-86184<br \/>\nMail: <a href=\"mailto:braeustueberl@eittinger.de\">braeustueberl@eittinger.de<\/a><\/p>\n<h3>Post-\/Rechnungsanschrift<\/h3>\n<p>Eittinger Fischerbr\u00e4u<br \/>\nInh. B. Eng. Tobias Vincenti<br \/>\nGadener Str. 20<br \/>\n85462 Eitting<\/p>\n<h3>Lieferanschrift<\/h3>\n<p>Eittinger Fischerbr\u00e4u<br \/>\nGadener Str. 20<br \/>\n85462 Eitting<\/p>\n<h3>Getr\u00e4nkebestellungen<\/h3>\n<p class=\"p1\"><span class=\"s1\"><a href=\"mailto:bestellung@eittinger.de\">bestellung@eittinger.de<\/a><\/span><\/p>\n<h3><\/h3>\n<\/div>\n<\/div><\/div><\/div><div id=\"pgc-294-1-1\"  class=\"panel-grid-cell\" ><div id=\"panel-294-1-1-0\" class=\"so-panel widget widget_sow-image panel-first-child\" data-index=\"2\" ><div\n\t\t\t\n\t\t\tclass=\"so-widget-sow-image so-widget-sow-image-default-dbf295114b96-294\"\n\t\t\t\n\t\t>\n<div class=\"sow-image-container\">\n\t\t<img loading=\"lazy\" decoding=\"async\" src=\"https:\/\/www.eittinger.de\/cms\/wp-content\/uploads\/2016\/09\/Eittinger_Fischerbraeu_Bier_Inhalt_Brauerei_21_526x358.jpg\" width=\"526\" height=\"358\" srcset=\"https:\/\/www.eittinger.de\/cms\/wp-content\/uploads\/2016\/09\/Eittinger_Fischerbraeu_Bier_Inhalt_Brauerei_21_526x358.jpg 526w, https:\/\/www.eittinger.de\/cms\/wp-content\/uploads\/2016\/09\/Eittinger_Fischerbraeu_Bier_Inhalt_Brauerei_21_526x358-300x204.jpg 300w\" sizes=\"auto, (max-width: 526px) 100vw, 526px\" title=\"eittinger_fischerbraeu_bier_inhalt_brauerei_21_526x358\" alt=\"\" \t\tclass=\"so-widget-image\"\/>\n\t<\/div>\n\n<\/div><\/div><div id=\"panel-294-1-1-1\" class=\"so-panel widget widget_sow-image panel-last-child\" data-index=\"3\" ><div\n\t\t\t\n\t\t\tclass=\"so-widget-sow-image so-widget-sow-image-default-dbf295114b96-294\"\n\t\t\t\n\t\t>\n<div class=\"sow-image-container\">\n\t\t<img loading=\"lazy\" decoding=\"async\" src=\"https:\/\/www.eittinger.de\/cms\/wp-content\/uploads\/2016\/09\/Eittinger_Fischerbraeu_Bier_Inhalt_Brauerei_8_526x358.jpg\" width=\"526\" height=\"358\" srcset=\"https:\/\/www.eittinger.de\/cms\/wp-content\/uploads\/2016\/09\/Eittinger_Fischerbraeu_Bier_Inhalt_Brauerei_8_526x358.jpg 526w, https:\/\/www.eittinger.de\/cms\/wp-content\/uploads\/2016\/09\/Eittinger_Fischerbraeu_Bier_Inhalt_Brauerei_8_526x358-300x204.jpg 300w\" sizes=\"auto, (max-width: 526px) 100vw, 526px\" title=\"eittinger_fischerbraeu_bier_inhalt_brauerei_8_526x358\" alt=\"\" \t\tclass=\"so-widget-image\"\/>\n\t<\/div>\n\n<\/div><\/div><\/div><\/div><div id=\"pg-294-2\"  class=\"panel-grid panel-no-style\" ><div id=\"pgc-294-2-0\"  class=\"panel-grid-cell\" ><div id=\"panel-294-2-0-0\" class=\"so-panel widget widget_spacer-ma panel-first-child panel-last-child\" data-index=\"4\" ><div\n\t\t\t\n\t\t\tclass=\"so-widget-spacer-ma so-widget-spacer-ma-spacer-ma-style-8cdf73553d86-294\"\n\t\t\t\n\t\t><hr class=\"spacer-ma\"  \/>\n<\/div><\/div><\/div><\/div><\/div>","protected":false},"excerpt":{"rendered":"<p>Kontakt Brauerei Gadener Str. 20 85462 Eitting Tel.: 08122-9598960 Fax: 08122-9598965 Mail: verwaltung@eittinger.de Br\u00e4ust\u00fcberl St.-Georg-Str. 8 85462 Eitting Tel.: 08122-42902 Fax: 08122-86184 Mail: braeustueberl@eittinger.de Post-\/Rechnungsanschrift Eittinger Fischerbr\u00e4u Inh. B. Eng. Tobias Vincenti Gadener Str. 20 85462 Eitting Lieferanschrift Eittinger Fischerbr\u00e4u Gadener Str. 20 85462 Eitting Getr\u00e4nkebestellungen bestellung@eittinger.de<\/p>\n","protected":false},"author":6,"featured_media":0,"parent":0,"menu_order":0,"comment_status":"closed","ping_status":"closed","template":"","meta":{"footnotes":""},"class_list":["post-294","page","type-page","status-publish","hentry","layout-standard"],"_links":{"self":[{"href":"https:\/\/www.eittinger.de\/index.php\/wp-json\/wp\/v2\/pages\/294","targetHints":{"allow":["GET"]}}],"collection":[{"href":"https:\/\/www.eittinger.de\/index.php\/wp-json\/wp\/v2\/pages"}],"about":[{"href":"https:\/\/www.eittinger.de\/index.php\/wp-json\/wp\/v2\/types\/page"}],"author":[{"embeddable":true,"href":"https:\/\/www.eittinger.de\/index.php\/wp-json\/wp\/v2\/users\/6"}],"replies":[{"embeddable":true,"href":"https:\/\/www.eittinger.de\/index.php\/wp-json\/wp\/v2\/comments?post=294"}],"version-history":[{"count":5,"href":"https:\/\/www.eittinger.de\/index.php\/wp-json\/wp\/v2\/pages\/294\/revisions"}],"predecessor-version":[{"id":2804,"href":"https:\/\/www.eittinger.de\/index.php\/wp-json\/wp\/v2\/pages\/294\/revisions\/2804"}],"wp:attachment":[{"href":"https:\/\/www.eittinger.de\/index.php\/wp-json\/wp\/v2\/media?parent=294"}],"curies":[{"name":"wp","href":"https:\/\/api.w.org\/{rel}","templated":true}]}}