{"id":299,"date":"2016-09-15T10:31:11","date_gmt":"2016-09-15T08:31:11","guid":{"rendered":"http:\/\/www.eittinger.com\/cms\/?page_id=299"},"modified":"2026-02-05T11:45:11","modified_gmt":"2026-02-05T10:45:11","slug":"heimdienst-partydienst","status":"publish","type":"page","link":"https:\/\/www.eittinger.de\/index.php\/heimdienst-partydienst\/","title":{"rendered":"Heimdienst"},"content":{"rendered":"<div id=\"pl-299\"  class=\"panel-layout\" ><div id=\"pg-299-0\"  class=\"panel-grid panel-no-style\" ><div id=\"pgc-299-0-0\"  class=\"panel-grid-cell\" ><div id=\"panel-299-0-0-0\" class=\"so-panel widget widget_sow-editor panel-first-child panel-last-child\" data-index=\"0\" ><div\n\t\t\t\n\t\t\tclass=\"so-widget-sow-editor so-widget-sow-editor-base\"\n\t\t\t\n\t\t>\n<div class=\"siteorigin-widget-tinymce textwidget\">\n\t<h1 style=\"text-align: center;\">Heimdienst<\/h1>\n<\/div>\n<\/div><\/div><\/div><\/div><div id=\"pg-299-1\"  class=\"panel-grid panel-no-style\" ><div id=\"pgc-299-1-0\"  class=\"panel-grid-cell\" ><div id=\"panel-299-1-0-0\" class=\"so-panel widget widget_sow-editor panel-first-child panel-last-child\" data-index=\"1\" ><div\n\t\t\t\n\t\t\tclass=\"so-widget-sow-editor so-widget-sow-editor-base\"\n\t\t\t\n\t\t>\n<div class=\"siteorigin-widget-tinymce textwidget\">\n\t<p>Gerne beliefern wir Sie frei Haus mit Eittinger Bieren oder Frucade Getr\u00e4nken. Bei Interesse wenden Sie sich an <a href=\"mailto:verwaltung@eittinger.de\">verwaltung@eittinger.de<\/a> oder kontaktieren uns unter +49 (0) 8122 9598960.<\/p>\n<p>Markus Ettinger, unser Leiter der Logistik, und unsere freundlichen Mitarbeiter sorgen w\u00f6chentlich daf\u00fcr, dass Sie immer mit frischen Produkten aus dem Hause Eittinger Fischerbr\u00e4u versorgt werden.\u00a0Wir liefern mit unseren eigenen LKWs ins Umland des Erdinger Mooses und bis nach M\u00fcnchen.<\/p>\n<p>Wenn Sie unsere Getr\u00e4nke selber in der Abf\u00fcllung (Gadener Str. 20, 85462 Eitting) abholen wollen, dann beachten Sie bitte unsere \u00d6ffnungszeiten:<br \/>\n<strong>Mo-Do 07:00-15:30 Uhr<br \/>\nFr 07:00-13:00 Uhr<\/strong><br \/>\n<strong>Sa 09:00-12:00 Uhr<\/strong><\/p>\n<p>Unsere aktuelle Preisliste f\u00fcr den Heimdienst und Abholer senden wir Ihnen gerne zu:<\/p>\n<p><a href=\"mailto:verwaltung@eittinger.de\">verwaltung@eittinger.de<\/a><\/p>\n<\/div>\n<\/div><\/div><\/div><div id=\"pgc-299-1-1\"  class=\"panel-grid-cell\" ><div id=\"panel-299-1-1-0\" class=\"so-panel widget widget_sow-image panel-first-child panel-last-child\" data-index=\"2\" ><div\n\t\t\t\n\t\t\tclass=\"so-widget-sow-image so-widget-sow-image-default-dbf295114b96-299\"\n\t\t\t\n\t\t>\n<div class=\"sow-image-container\">\n\t\t<img loading=\"lazy\" decoding=\"async\" src=\"https:\/\/www.eittinger.de\/cms\/wp-content\/uploads\/2016\/09\/Eittinger_Fischerbraeu_Bier_Inhalt_Brauerei_23_526x358.jpg\" width=\"526\" height=\"358\" srcset=\"https:\/\/www.eittinger.de\/cms\/wp-content\/uploads\/2016\/09\/Eittinger_Fischerbraeu_Bier_Inhalt_Brauerei_23_526x358.jpg 526w, https:\/\/www.eittinger.de\/cms\/wp-content\/uploads\/2016\/09\/Eittinger_Fischerbraeu_Bier_Inhalt_Brauerei_23_526x358-300x204.jpg 300w\" sizes=\"auto, (max-width: 526px) 100vw, 526px\" title=\"eittinger_fischerbraeu_bier_inhalt_brauerei_23_526x358\" alt=\"\" \t\tclass=\"so-widget-image\"\/>\n\t<\/div>\n\n<\/div><\/div><\/div><\/div><div id=\"pg-299-2\"  class=\"panel-grid panel-no-style\" ><div id=\"pgc-299-2-0\"  class=\"panel-grid-cell\" ><div id=\"panel-299-2-0-0\" class=\"so-panel widget widget_spacer-ma panel-first-child panel-last-child\" data-index=\"3\" ><div\n\t\t\t\n\t\t\tclass=\"so-widget-spacer-ma so-widget-spacer-ma-spacer-ma-style-8cdf73553d86-299\"\n\t\t\t\n\t\t><hr class=\"spacer-ma\"  \/>\n<\/div><\/div><\/div><\/div><div id=\"pg-299-3\"  class=\"panel-grid panel-no-style\" ><div id=\"pgc-299-3-0\"  class=\"panel-grid-cell\" ><div id=\"panel-299-3-0-0\" class=\"so-panel widget widget_sow-editor panel-first-child panel-last-child\" data-index=\"4\" ><div\n\t\t\t\n\t\t\tclass=\"so-widget-sow-editor so-widget-sow-editor-base\"\n\t\t\t\n\t\t>\n<div class=\"siteorigin-widget-tinymce textwidget\">\n\t<h1 style=\"text-align: left;\">Apropos, d\u00fcrfen wir Ihnen unsere Bierfahrer vorstellen?<\/h1>\n<\/div>\n<\/div><\/div><\/div><\/div><div id=\"pg-299-4\"  class=\"panel-grid panel-no-style\" ><div id=\"pgc-299-4-0\"  class=\"panel-grid-cell panel-grid-cell-mobile-last\" ><div id=\"panel-299-4-0-0\" class=\"so-panel widget widget_sow-editor panel-first-child panel-last-child\" data-index=\"5\" ><div\n\t\t\t\n\t\t\tclass=\"so-widget-sow-editor so-widget-sow-editor-base\"\n\t\t\t\n\t\t>\n<div class=\"siteorigin-widget-tinymce textwidget\">\n\t<h3>\u00a0<\/h3>\n<\/div>\n<\/div><\/div><\/div><div id=\"pgc-299-4-1\"  class=\"panel-grid-cell panel-grid-cell-empty\" ><\/div><\/div><div id=\"pg-299-5\"  class=\"panel-grid panel-no-style\" ><div id=\"pgc-299-5-0\"  class=\"panel-grid-cell\" ><div id=\"panel-299-5-0-0\" class=\"so-panel widget widget_spacer-ma panel-first-child panel-last-child\" data-index=\"6\" ><div\n\t\t\t\n\t\t\tclass=\"so-widget-spacer-ma so-widget-spacer-ma-spacer-ma-style-8cdf73553d86-299\"\n\t\t\t\n\t\t><hr class=\"spacer-ma\"  \/>\n<\/div><\/div><\/div><\/div><div id=\"pg-299-6\"  class=\"panel-grid panel-no-style\" ><div id=\"pgc-299-6-0\"  class=\"panel-grid-cell\" ><div id=\"panel-299-6-0-0\" class=\"so-panel widget widget_sow-image panel-first-child panel-last-child\" data-index=\"7\" ><div\n\t\t\t\n\t\t\tclass=\"so-widget-sow-image so-widget-sow-image-default-dbf295114b96-299\"\n\t\t\t\n\t\t>\n<div class=\"sow-image-container\">\n\t\t<img loading=\"lazy\" decoding=\"async\" src=\"https:\/\/www.eittinger.de\/cms\/wp-content\/uploads\/2016\/09\/Eittinger_Fischerbraeu_Bier_Inhalt_Fahrer_Werner_526x358.jpg\" width=\"526\" height=\"358\" srcset=\"https:\/\/www.eittinger.de\/cms\/wp-content\/uploads\/2016\/09\/Eittinger_Fischerbraeu_Bier_Inhalt_Fahrer_Werner_526x358.jpg 526w, https:\/\/www.eittinger.de\/cms\/wp-content\/uploads\/2016\/09\/Eittinger_Fischerbraeu_Bier_Inhalt_Fahrer_Werner_526x358-300x204.jpg 300w\" sizes=\"auto, (max-width: 526px) 100vw, 526px\" title=\"eittinger_fischerbraeu_bier_inhalt_fahrer_werner_526x358\" alt=\"\" \t\tclass=\"so-widget-image\"\/>\n\t<\/div>\n\n<\/div><\/div><\/div><div id=\"pgc-299-6-1\"  class=\"panel-grid-cell\" ><div id=\"panel-299-6-1-0\" class=\"so-panel widget widget_sow-editor panel-first-child panel-last-child\" data-index=\"8\" ><div\n\t\t\t\n\t\t\tclass=\"so-widget-sow-editor so-widget-sow-editor-base\"\n\t\t\t\n\t\t>\n<div class=\"siteorigin-widget-tinymce textwidget\">\n\t<h3>Werner<\/h3>\n<p>Alter: Lang genug dabei<\/p>\n<p>Arbeitet seit 1999 beim Eittinger Fischerbr\u00e4u als Verkaufsfahrer im Heimdienst<\/p>\n<p>Hobby: Feuerwehr, Sch\u00fctzen<\/p>\n<p>Lieblingsbier: Eittinger Hell<\/p>\n<p>Pers\u00f6nlicher Beitrag zum Thema Bier: Warum a Sixpack, wenn ma auch a Fassl haben kann<\/p>\n<\/div>\n<\/div><\/div><\/div><\/div><div id=\"pg-299-7\"  class=\"panel-grid panel-no-style\" ><div id=\"pgc-299-7-0\"  class=\"panel-grid-cell\" ><div id=\"panel-299-7-0-0\" class=\"so-panel widget widget_spacer-ma panel-first-child panel-last-child\" data-index=\"9\" ><div\n\t\t\t\n\t\t\tclass=\"so-widget-spacer-ma so-widget-spacer-ma-spacer-ma-style-8cdf73553d86-299\"\n\t\t\t\n\t\t><hr class=\"spacer-ma\"  \/>\n<\/div><\/div><\/div><\/div><div id=\"pg-299-8\"  class=\"panel-grid panel-no-style\" ><div id=\"pgc-299-8-0\"  class=\"panel-grid-cell panel-grid-cell-empty panel-grid-cell-mobile-last\" ><\/div><div id=\"pgc-299-8-1\"  class=\"panel-grid-cell panel-grid-cell-empty\" ><\/div><\/div><div id=\"pg-299-9\"  class=\"panel-grid panel-no-style\" ><div id=\"pgc-299-9-0\"  class=\"panel-grid-cell\" ><div id=\"panel-299-9-0-0\" class=\"so-panel widget widget_spacer-ma panel-first-child panel-last-child\" data-index=\"10\" ><div\n\t\t\t\n\t\t\tclass=\"so-widget-spacer-ma so-widget-spacer-ma-spacer-ma-style-8cdf73553d86-299\"\n\t\t\t\n\t\t><hr class=\"spacer-ma\"  \/>\n<\/div><\/div><\/div><\/div><div id=\"pg-299-10\"  class=\"panel-grid panel-no-style\" ><div id=\"pgc-299-10-0\"  class=\"panel-grid-cell\" ><div id=\"panel-299-10-0-0\" class=\"so-panel widget widget_sow-image panel-first-child panel-last-child\" data-index=\"11\" ><div\n\t\t\t\n\t\t\tclass=\"so-widget-sow-image so-widget-sow-image-default-dbf295114b96-299\"\n\t\t\t\n\t\t>\n<div class=\"sow-image-container\">\n\t\t<img loading=\"lazy\" decoding=\"async\" src=\"https:\/\/www.eittinger.de\/cms\/wp-content\/uploads\/2016\/09\/Eittinger_Fischerbraeu_Bier_Inhalt_Fahrer_Manfred_2_526x358.jpg\" width=\"526\" height=\"358\" srcset=\"https:\/\/www.eittinger.de\/cms\/wp-content\/uploads\/2016\/09\/Eittinger_Fischerbraeu_Bier_Inhalt_Fahrer_Manfred_2_526x358.jpg 526w, https:\/\/www.eittinger.de\/cms\/wp-content\/uploads\/2016\/09\/Eittinger_Fischerbraeu_Bier_Inhalt_Fahrer_Manfred_2_526x358-300x204.jpg 300w\" sizes=\"auto, (max-width: 526px) 100vw, 526px\" title=\"eittinger_fischerbraeu_bier_inhalt_fahrer_manfred_2_526x358\" alt=\"\" \t\tclass=\"so-widget-image\"\/>\n\t<\/div>\n\n<\/div><\/div><\/div><div id=\"pgc-299-10-1\"  class=\"panel-grid-cell\" ><div id=\"panel-299-10-1-0\" class=\"so-panel widget widget_sow-editor panel-first-child panel-last-child\" data-index=\"12\" ><div\n\t\t\t\n\t\t\tclass=\"so-widget-sow-editor so-widget-sow-editor-base\"\n\t\t\t\n\t\t>\n<div class=\"siteorigin-widget-tinymce textwidget\">\n\t<h3>Manfred<\/h3>\n<p>Alter: Der Erfahrenste<\/p>\n<p>Arbeitet seit 2014 beim Eittinger Fischerbr\u00e4u als Verkaufsfahrer im Heimdienst<\/p>\n<p>Hobby: Skifahren<\/p>\n<p>Lieblingsbier: Eittinger Hell<\/p>\n<p>Pers\u00f6nlicher Beitrag zum Thema Bier: g\u00f6ttliches Getr\u00e4nk, mein ganzes Leben dreht sich ums Bier - beruflich und meist auch privat.<\/p>\n<\/div>\n<\/div><\/div><\/div><\/div><div id=\"pg-299-11\"  class=\"panel-grid panel-no-style\" ><div id=\"pgc-299-11-0\"  class=\"panel-grid-cell\" ><div id=\"panel-299-11-0-0\" class=\"so-panel widget widget_spacer-ma panel-first-child panel-last-child\" data-index=\"13\" ><div\n\t\t\t\n\t\t\tclass=\"so-widget-spacer-ma so-widget-spacer-ma-spacer-ma-style-8cdf73553d86-299\"\n\t\t\t\n\t\t><hr class=\"spacer-ma\"  \/>\n<\/div><\/div><\/div><\/div><div id=\"pg-299-12\"  class=\"panel-grid panel-no-style\" ><div id=\"pgc-299-12-0\"  class=\"panel-grid-cell\" ><div id=\"panel-299-12-0-0\" class=\"so-panel widget widget_sow-editor panel-first-child panel-last-child\" data-index=\"14\" ><div\n\t\t\t\n\t\t\tclass=\"so-widget-sow-editor so-widget-sow-editor-base\"\n\t\t\t\n\t\t>\n<div class=\"siteorigin-widget-tinymce textwidget\">\n\t<h3 class=\"p1\">Getr\u00e4nkeservice<\/h3>\n<p>Gerne unterst\u00fctzen wir Sie auf Ihren Feierlichkeiten neben Getr\u00e4nken mit unserem Leihinventar.<\/p>\n<p>Wir haben (in begrenzter St\u00fcckzahl):<br \/>\n- Schanktische<br \/>\n- Durchlaufk\u00fchler<br \/>\n- K\u00fchlschr\u00e4nke<br \/>\n- K\u00fchlwagen<br \/>\n- Sonnenschirme (gro\u00df und klein)<br \/>\n- Garnituren<br \/>\n- Gl\u00e4ser (0,5l\/1 l)<\/p>\n<p>Sie k\u00f6nnen sich das Leihinventar gerne bei uns in der Abf\u00fcllung (Gadener Stra\u00dfe 20) abholen. Wir bitten um vorzeitige Reservierung.<\/p>\n<p>&nbsp;<\/p>\n<\/div>\n<\/div><\/div><\/div><div id=\"pgc-299-12-1\"  class=\"panel-grid-cell\" ><div id=\"panel-299-12-1-0\" class=\"so-panel widget widget_sow-image panel-first-child panel-last-child\" data-index=\"15\" ><div\n\t\t\t\n\t\t\tclass=\"so-widget-sow-image so-widget-sow-image-default-8b5b6f678277-299\"\n\t\t\t\n\t\t>\n<div class=\"sow-image-container\">\n\t\t<img loading=\"lazy\" decoding=\"async\" src=\"https:\/\/www.eittinger.de\/cms\/wp-content\/uploads\/2016\/09\/Eittinger_Fischerbraeu_Bier_Inhalt_Brauerei_24_526x358.jpg\" width=\"526\" height=\"358\" srcset=\"https:\/\/www.eittinger.de\/cms\/wp-content\/uploads\/2016\/09\/Eittinger_Fischerbraeu_Bier_Inhalt_Brauerei_24_526x358.jpg 526w, https:\/\/www.eittinger.de\/cms\/wp-content\/uploads\/2016\/09\/Eittinger_Fischerbraeu_Bier_Inhalt_Brauerei_24_526x358-300x204.jpg 300w\" sizes=\"auto, (max-width: 526px) 100vw, 526px\" title=\"eittinger_fischerbraeu_bier_inhalt_brauerei_24_526x358\" alt=\"\" \t\tclass=\"so-widget-image\"\/>\n\t<\/div>\n\n<\/div><\/div><\/div><\/div><\/div>","protected":false},"excerpt":{"rendered":"<p>Heimdienst Gerne beliefern wir Sie frei Haus mit Eittinger Bieren oder Frucade Getr\u00e4nken. Bei Interesse wenden Sie sich an verwaltung@eittinger.de oder kontaktieren uns unter +49 (0) 8122 9598960. Markus Ettinger, unser Leiter der Logistik, und unsere freundlichen Mitarbeiter sorgen w\u00f6chentlich daf\u00fcr, dass Sie immer mit frischen Produkten aus dem Hause Eittinger Fischerbr\u00e4u versorgt werden.\u00a0Wir liefern &hellip; <a href=\"https:\/\/www.eittinger.de\/index.php\/heimdienst-partydienst\/\" class=\"more-link\">Continue reading<span class=\"screen-reader-text\"> &#8222;Heimdienst&#8220;<\/span><\/a><\/p>\n","protected":false},"author":6,"featured_media":0,"parent":0,"menu_order":0,"comment_status":"closed","ping_status":"closed","template":"","meta":{"footnotes":""},"class_list":["post-299","page","type-page","status-publish","hentry","layout-standard"],"_links":{"self":[{"href":"https:\/\/www.eittinger.de\/index.php\/wp-json\/wp\/v2\/pages\/299","targetHints":{"allow":["GET"]}}],"collection":[{"href":"https:\/\/www.eittinger.de\/index.php\/wp-json\/wp\/v2\/pages"}],"about":[{"href":"https:\/\/www.eittinger.de\/index.php\/wp-json\/wp\/v2\/types\/page"}],"author":[{"embeddable":true,"href":"https:\/\/www.eittinger.de\/index.php\/wp-json\/wp\/v2\/users\/6"}],"replies":[{"embeddable":true,"href":"https:\/\/www.eittinger.de\/index.php\/wp-json\/wp\/v2\/comments?post=299"}],"version-history":[{"count":58,"href":"https:\/\/www.eittinger.de\/index.php\/wp-json\/wp\/v2\/pages\/299\/revisions"}],"predecessor-version":[{"id":2802,"href":"https:\/\/www.eittinger.de\/index.php\/wp-json\/wp\/v2\/pages\/299\/revisions\/2802"}],"wp:attachment":[{"href":"https:\/\/www.eittinger.de\/index.php\/wp-json\/wp\/v2\/media?parent=299"}],"curies":[{"name":"wp","href":"https:\/\/api.w.org\/{rel}","templated":true}]}}