{"id":627,"date":"2016-09-29T11:01:59","date_gmt":"2016-09-29T09:01:59","guid":{"rendered":"http:\/\/www.eittinger.de\/?page_id=627"},"modified":"2019-08-05T16:25:02","modified_gmt":"2019-08-05T14:25:02","slug":"home-kids","status":"publish","type":"page","link":"https:\/\/www.eittinger.de\/index.php\/home-kids\/","title":{"rendered":"home kids"},"content":{"rendered":"<div id=\"pl-627\"  class=\"panel-layout\" ><div id=\"pg-627-0\"  class=\"panel-grid panel-has-style\" ><div class=\"siteorigin-panels-stretch panel-row-shadow panel-row-disable_margin_bottom panel-row-style panel-row-style-for-627-0\" data-stretch-type=\"full-stretched\" ><div id=\"pgc-627-0-0\"  class=\"panel-grid-cell\" ><div id=\"panel-627-0-0-0\" class=\"so-panel widget widget_slider-ma panel-first-child panel-last-child\" data-index=\"0\" ><div\n\t\t\t\n\t\t\tclass=\"so-widget-slider-ma so-widget-slider-ma-slider-ma-style-57cb3320b3de-627\"\n\t\t\t\n\t\t>\n\t<div class=\"flexslider ma-flexslider prevnextnav-on prevnextsize-normal imageposition-background ma-flexslider-main\" data-slideshowspeed=\"4000\" data-animationspeed=\"600\" data-controlnav=\"0\" data-effect=\"slide\" data-slideshow=\"1\" data-itemwidth=\"0\" data-itemmargin=\"0\"  >\n\t<ul class=\"slides\">\n\t\t<li class=\"fframe\"  style=\"display:none;background-image: url(https:\/\/www.eittinger.de\/cms\/wp-content\/uploads\/2016\/09\/Eittinger-Firscherbraeu-Frucade-Teaser.jpg); min-height:498px;\">\n\t\t<a href=\"http:\/\/www.eittinger.de\/index.php\/products\/frucade\/\"  class=\"image_link \" >\n\t\t\t<div class=\"flex-caption\"><h1 class=\"textshadow\" style=\"text-align: center;\"><span style=\"font-size: 2em; color: #ffffff;\">Auf eine leckere Limonade!\u00a0<\/span><\/h1><p style=\"text-align: center;\"><span class=\"textbutton\" data-href=\"http:\/\/www.eittinger.de\/index.php\/products\/frucade\/\">Unsere frucade<\/span><\/p><\/div>\n\t\t<\/a>\n\t\t<\/li>\n\t<\/ul>\n\t<\/div><div class=\"clear\">&nbsp;<\/div><\/div><\/div><\/div><\/div><\/div><div id=\"pg-627-1\"  class=\"panel-grid panel-has-style\" ><div class=\"siteorigin-panels-stretch panel-row-shadow panel-row-style panel-row-style-for-627-1\" data-stretch-type=\"full-stretched\" ><div id=\"pgc-627-1-0\"  class=\"panel-grid-cell\" ><div id=\"panel-627-1-0-0\" class=\"so-panel widget widget_imageteaser_ma panel-first-child panel-last-child\" data-index=\"1\" ><div\n\t\t\t\n\t\t\tclass=\"so-widget-imageteaser_ma so-widget-imageteaser_ma-imageteaser_ma-style-8ad5c3d37aad-627\"\n\t\t\t\n\t\t>\n\t<a href=\"http:\/\/www.eittinger.de\/index.php\/products\/frucade\/\"  class=\"imageteaser_ma image_back\" style=\"background-image: url(https:\/\/www.eittinger.de\/cms\/wp-content\/uploads\/2016\/09\/Eittinger-Fischerbraeu_Startkachel_Frucade-426x340.jpg);\" data-ratio=\"1.25111111111\">\n\t\t<div class=\"imageteaser_ma_text\">\n\t\t<div class=\"imageteaser_ma_text_inner\"><h1 class=\"textshadow\" style=\"text-align: center;\"><span style=\"color: #ffffff;\">Unsere Getr\u00e4nke<\/span><\/h1><p style=\"text-align: center;\"><span class=\"textbutton\" data-href=\"http:\/\/www.eittinger.de\/index.php\/products\/frucade\/\">MEHR<\/span><\/p>\n\t\t<\/div>\n\t\t<\/div>\n\t<\/a><\/div><\/div><\/div><div id=\"pgc-627-1-1\"  class=\"panel-grid-cell\" ><div id=\"panel-627-1-1-0\" class=\"so-panel widget widget_imageteaser_ma panel-first-child panel-last-child\" data-index=\"2\" ><div\n\t\t\t\n\t\t\tclass=\"so-widget-imageteaser_ma so-widget-imageteaser_ma-imageteaser_ma-style-8ad5c3d37aad-627\"\n\t\t\t\n\t\t>\n\t<a href=\"http:\/\/www.eittinger.de\/index.php\/geschichte\/\"  class=\"imageteaser_ma image_back\" style=\"background-image: url(https:\/\/www.eittinger.de\/cms\/wp-content\/uploads\/2016\/09\/Eittinger_Fischerbraeu_Bier_Startkachel_Brauerei_4_426x340.jpg);\" data-ratio=\"1.25294117647\">\n\t\t<div class=\"imageteaser_ma_text\">\n\t\t<div class=\"imageteaser_ma_text_inner\"><h1 class=\"textshadow\" style=\"text-align: center;\"><span style=\"color: #ffff00;\"><span style=\"color: #ffffff;\">Unsere Brauerei<\/span>\n<\/span><\/h1>\n<p style=\"text-align: center;\"><span class=\"textbutton\" data-href=\"http:\/\/www.eittinger.de\/index.php\/brauerei\/\">Mehr<\/span><\/p>\n\t\t<\/div>\n\t\t<\/div>\n\t<\/a><\/div><\/div><\/div><div id=\"pgc-627-1-2\"  class=\"panel-grid-cell\" ><div id=\"panel-627-1-2-0\" class=\"so-panel widget widget_imageteaser_ma panel-first-child panel-last-child\" data-index=\"3\" ><div\n\t\t\t\n\t\t\tclass=\"so-widget-imageteaser_ma so-widget-imageteaser_ma-imageteaser_ma-style-8ad5c3d37aad-627\"\n\t\t\t\n\t\t>\n\t<a href=\"http:\/\/www.eittinger.de\/index.php\/braeustueberl\/\"  class=\"imageteaser_ma image_back\" style=\"background-image: url(https:\/\/www.eittinger.de\/cms\/wp-content\/uploads\/2016\/09\/Eittinger_Fischerbraeu_Bier_Startkachel_Braustueberl_3_426x340.jpg);\" data-ratio=\"1.25294117647\">\n\t\t<div class=\"imageteaser_ma_text\">\n\t\t<div class=\"imageteaser_ma_text_inner\"><h1 class=\"textshadow\" style=\"text-align: center;\"><span style=\"color: #ffff00;\"><span style=\"color: #ffffff;\">Unser Br\u00e4ust\u00fcberl<\/span>\n<\/span><\/h1>\n<p style=\"text-align: center;\"><span class=\"textbutton\" data-href=\"http:\/\/www.eittinger.de\/index.php\/braeustueberl\/\">Mehr<\/span><\/p>\n\t\t<\/div>\n\t\t<\/div>\n\t<\/a><\/div><\/div><\/div><\/div><\/div><\/div>","protected":false},"excerpt":{"rendered":"<p>Auf eine leckere Limonade!\u00a0Unsere frucade &nbsp; Unsere Getr\u00e4nkeMEHR Unsere Brauerei Mehr Unser Br\u00e4ust\u00fcberl Mehr<\/p>\n","protected":false},"author":6,"featured_media":0,"parent":0,"menu_order":0,"comment_status":"closed","ping_status":"closed","template":"","meta":{"footnotes":""},"class_list":["post-627","page","type-page","status-publish","hentry","layout-simple"],"_links":{"self":[{"href":"https:\/\/www.eittinger.de\/index.php\/wp-json\/wp\/v2\/pages\/627","targetHints":{"allow":["GET"]}}],"collection":[{"href":"https:\/\/www.eittinger.de\/index.php\/wp-json\/wp\/v2\/pages"}],"about":[{"href":"https:\/\/www.eittinger.de\/index.php\/wp-json\/wp\/v2\/types\/page"}],"author":[{"embeddable":true,"href":"https:\/\/www.eittinger.de\/index.php\/wp-json\/wp\/v2\/users\/6"}],"replies":[{"embeddable":true,"href":"https:\/\/www.eittinger.de\/index.php\/wp-json\/wp\/v2\/comments?post=627"}],"version-history":[{"count":7,"href":"https:\/\/www.eittinger.de\/index.php\/wp-json\/wp\/v2\/pages\/627\/revisions"}],"predecessor-version":[{"id":636,"href":"https:\/\/www.eittinger.de\/index.php\/wp-json\/wp\/v2\/pages\/627\/revisions\/636"}],"wp:attachment":[{"href":"https:\/\/www.eittinger.de\/index.php\/wp-json\/wp\/v2\/media?parent=627"}],"curies":[{"name":"wp","href":"https:\/\/api.w.org\/{rel}","templated":true}]}}