{"id":7,"date":"2016-08-25T10:21:03","date_gmt":"2016-08-25T08:21:03","guid":{"rendered":"http:\/\/localhost\/eittinger\/?page_id=2"},"modified":"2026-04-29T12:31:27","modified_gmt":"2026-04-29T10:31:27","slug":"braeustueberl","status":"publish","type":"page","link":"https:\/\/www.eittinger.de\/index.php\/braeustueberl\/","title":{"rendered":"Br\u00e4ust\u00fcberl"},"content":{"rendered":"<div id=\"pl-7\"  class=\"panel-layout\" ><div id=\"pg-7-0\"  class=\"panel-grid panel-no-style\" ><div id=\"pgc-7-0-0\"  class=\"panel-grid-cell\" ><div id=\"panel-7-0-0-0\" class=\"so-panel widget widget_sow-editor panel-first-child panel-last-child\" data-index=\"0\" ><div\n\t\t\t\n\t\t\tclass=\"so-widget-sow-editor so-widget-sow-editor-base\"\n\t\t\t\n\t\t>\n<div class=\"siteorigin-widget-tinymce textwidget\">\n\t<h1 style=\"text-align: center;\">Unser Br\u00e4ust\u00fcberl<\/h1>\n<\/div>\n<\/div><\/div><\/div><\/div><div id=\"pg-7-1\"  class=\"panel-grid panel-no-style\" ><div id=\"pgc-7-1-0\"  class=\"panel-grid-cell\" ><div id=\"panel-7-1-0-0\" class=\"so-panel widget widget_sow-image panel-first-child panel-last-child\" data-index=\"1\" ><div\n\t\t\t\n\t\t\tclass=\"so-widget-sow-image so-widget-sow-image-default-dbf295114b96-7\"\n\t\t\t\n\t\t>\n<div class=\"sow-image-container\">\n\t\t<img loading=\"lazy\" decoding=\"async\" src=\"https:\/\/www.eittinger.de\/cms\/wp-content\/uploads\/2016\/09\/Eittinger_Fischerbraeu_Bier_Inhalt_Braustueberl_12_526x358.jpg\" width=\"526\" height=\"358\" srcset=\"https:\/\/www.eittinger.de\/cms\/wp-content\/uploads\/2016\/09\/Eittinger_Fischerbraeu_Bier_Inhalt_Braustueberl_12_526x358.jpg 526w, https:\/\/www.eittinger.de\/cms\/wp-content\/uploads\/2016\/09\/Eittinger_Fischerbraeu_Bier_Inhalt_Braustueberl_12_526x358-300x204.jpg 300w\" sizes=\"auto, (max-width: 526px) 100vw, 526px\" title=\"eittinger_fischerbraeu_bier_inhalt_braustueberl_12_526x358\" alt=\"\" \t\tclass=\"so-widget-image\"\/>\n\t<\/div>\n\n<\/div><\/div><\/div><div id=\"pgc-7-1-1\"  class=\"panel-grid-cell\" ><div id=\"panel-7-1-1-0\" class=\"so-panel widget widget_sow-editor panel-first-child panel-last-child\" data-index=\"2\" ><div\n\t\t\t\n\t\t\tclass=\"so-widget-sow-editor so-widget-sow-editor-base\"\n\t\t\t\n\t\t>\n<div class=\"siteorigin-widget-tinymce textwidget\">\n\t<p>&nbsp;<\/p>\n<p>Das Eittinger Br\u00e4ust\u00fcberl liegt im Herzen Eittings am Fu\u00dfe der Kirche Sankt Georg und nur wenige Kilometer von Erding sowie vom Flughafen M\u00fcnchen entfernt. Urlauber, die noch etwas Zeit haben, k\u00f6nnen gerne vor dem Abflug unsere Gastst\u00e4tte besuchen.<\/p>\n<p>Gastlichkeit wird im Eittinger Br\u00e4ust\u00fcberl gro\u00dfgeschrieben. Neben der Vielzahl an hauseigenen Bieren k\u00f6nnen Sie zwischen t\u00e4glich frisch zubereiteten Gerichten w\u00e4hlen. F\u00fcr den kleinen Hunger werden zu den gutb\u00fcrgerlichen Gerichten auch Brotzeiten und Salate kredenzt. Das aktuelle Tagesgericht erg\u00e4nzt die feste Speisekarte.<\/p>\n<p><strong>\u00a0<\/strong><\/p>\n<h3><\/h3>\n<\/div>\n<\/div><\/div><\/div><\/div><div id=\"pg-7-2\"  class=\"panel-grid panel-no-style\" ><div id=\"pgc-7-2-0\"  class=\"panel-grid-cell\" ><div id=\"panel-7-2-0-0\" class=\"so-panel widget widget_sow-editor panel-first-child panel-last-child\" data-index=\"3\" ><div\n\t\t\t\n\t\t\tclass=\"so-widget-sow-editor so-widget-sow-editor-base\"\n\t\t\t\n\t\t>\n<div class=\"siteorigin-widget-tinymce textwidget\">\n\t<p>Das gem\u00fctliche Br\u00e4ust\u00fcberl bietet Platz f\u00fcr 50 Personen. Idyllisch gelegen und nicht unweit der Kirche k\u00f6nnen es sich 25 G\u00e4ste bei sch\u00f6nem Wetter auf der Terrasse gem\u00fctlich machen.<\/p>\n<p>Wir freuen uns auf Ihren Besuch!<\/p>\n<p><strong>\u00d6ffnungszeiten <\/strong><span style=\"font-size: 0.8em;\">(unter Vorbehalt)<span style=\"font-size: 1.5em;\"><strong>:<\/strong><\/span><\/span><\/p>\n<p>Montag geschlossen<br \/>Dienstag geschlossen<br \/>Mittwoch geschlossen<br \/>Donnerstag 11:00 - 24:00 Uhr<br \/>Freitag 11:00 - 24:00 Uhr<br \/>Samstag\u00a011:00 - 20:00 Uhr<br \/>Sonntag\u00a010:00 - 14:00 Uhr<\/p>\n<p><span style=\"font-size: 1em;\">Keine durchgehend warme\u00a0K\u00fcche.<\/span><\/p>\n<\/div>\n<\/div><\/div><\/div><div id=\"pgc-7-2-1\"  class=\"panel-grid-cell\" ><div id=\"panel-7-2-1-0\" class=\"so-panel widget widget_sow-image panel-first-child panel-last-child\" data-index=\"4\" ><div\n\t\t\t\n\t\t\tclass=\"so-widget-sow-image so-widget-sow-image-default-8b5b6f678277-7\"\n\t\t\t\n\t\t>\n<div class=\"sow-image-container\">\n\t\t<img loading=\"lazy\" decoding=\"async\" src=\"https:\/\/www.eittinger.de\/cms\/wp-content\/uploads\/2016\/09\/Eittinger_Fischerbraeu_Bier_Inhalt_Braustueberl_9_526x358.jpg\" width=\"526\" height=\"358\" srcset=\"https:\/\/www.eittinger.de\/cms\/wp-content\/uploads\/2016\/09\/Eittinger_Fischerbraeu_Bier_Inhalt_Braustueberl_9_526x358.jpg 526w, https:\/\/www.eittinger.de\/cms\/wp-content\/uploads\/2016\/09\/Eittinger_Fischerbraeu_Bier_Inhalt_Braustueberl_9_526x358-300x204.jpg 300w\" sizes=\"auto, (max-width: 526px) 100vw, 526px\" title=\"eittinger_fischerbraeu_bier_inhalt_braustueberl_9_526x358\" alt=\"\" \t\tclass=\"so-widget-image\"\/>\n\t<\/div>\n\n<\/div><\/div><\/div><\/div><div id=\"pg-7-3\"  class=\"panel-grid panel-no-style\" ><div id=\"pgc-7-3-0\"  class=\"panel-grid-cell\" ><div id=\"panel-7-3-0-0\" class=\"so-panel widget widget_spacer-ma panel-first-child panel-last-child\" data-index=\"5\" ><div\n\t\t\t\n\t\t\tclass=\"so-widget-spacer-ma so-widget-spacer-ma-spacer-ma-style-8cdf73553d86-7\"\n\t\t\t\n\t\t><hr class=\"spacer-ma\"  \/>\n<\/div><\/div><\/div><\/div><div id=\"pg-7-4\"  class=\"panel-grid panel-no-style\" ><div id=\"pgc-7-4-0\"  class=\"panel-grid-cell\" ><div id=\"panel-7-4-0-0\" class=\"so-panel widget widget_sow-image panel-first-child panel-last-child\" data-index=\"6\" ><div\n\t\t\t\n\t\t\tclass=\"so-widget-sow-image so-widget-sow-image-default-8b5b6f678277-7\"\n\t\t\t\n\t\t>\n<div class=\"sow-image-container\">\n\t\t<img loading=\"lazy\" decoding=\"async\" src=\"https:\/\/www.eittinger.de\/cms\/wp-content\/uploads\/2016\/09\/Eittinger_Fischerbraeu_Bier_Inhalt_Braustueberl_6_526x358.jpg\" width=\"526\" height=\"358\" srcset=\"https:\/\/www.eittinger.de\/cms\/wp-content\/uploads\/2016\/09\/Eittinger_Fischerbraeu_Bier_Inhalt_Braustueberl_6_526x358.jpg 526w, https:\/\/www.eittinger.de\/cms\/wp-content\/uploads\/2016\/09\/Eittinger_Fischerbraeu_Bier_Inhalt_Braustueberl_6_526x358-300x204.jpg 300w\" sizes=\"auto, (max-width: 526px) 100vw, 526px\" title=\"eittinger_fischerbraeu_bier_inhalt_braustueberl_6_526x358\" alt=\"\" \t\tclass=\"so-widget-image\"\/>\n\t<\/div>\n\n<\/div><\/div><\/div><div id=\"pgc-7-4-1\"  class=\"panel-grid-cell\" ><div id=\"panel-7-4-1-0\" class=\"so-panel widget widget_sow-editor panel-first-child panel-last-child\" data-index=\"7\" ><div\n\t\t\t\n\t\t\tclass=\"so-widget-sow-editor so-widget-sow-editor-base\"\n\t\t\t\n\t\t>\n<div class=\"siteorigin-widget-tinymce textwidget\">\n\t<h3>Tagesgerichte<\/h3>\n<table style=\"height: 112px; width: 119.095%;\">\n<tbody>\n<tr style=\"height: 28px;\">\n<td style=\"width: 34.4949%; text-align: left; height: 28px;\">Donnerstag 30.04.26<\/td>\n<td style=\"width: 135.44%; height: 28px;\">Rinderbraten mit Semmelkn\u00f6del<\/td>\n<\/tr>\n<tr style=\"height: 28px;\">\n<td style=\"width: 34.4949%; text-align: left; height: 28px;\">Freitag 01.05.26<\/td>\n<td style=\"width: 135.44%; height: 28px;\">Geschlossen<\/td>\n<\/tr>\n<tr style=\"height: 28px;\">\n<td style=\"width: 34.4949%; text-align: left; height: 28px;\">Samstag 02.05.26<\/td>\n<td style=\"width: 135.44%; height: 28px;\">Lasagne<\/td>\n<\/tr>\n<tr style=\"height: 28px;\">\n<td style=\"width: 34.4949%; text-align: left; height: 28px;\">Sonntag, 03.05.26<\/td>\n<td style=\"width: 135.44%; height: 28px;\">Deutscher Spargel mit Zander<\/td>\n<\/tr>\n<\/tbody>\n<\/table>\n<p>&nbsp;<\/p>\n<p>&nbsp;<\/p>\n<p>&nbsp;<\/p>\n<p>&nbsp;<\/p>\n<\/div>\n<\/div><\/div><\/div><\/div><div id=\"pg-7-5\"  class=\"panel-grid panel-no-style\" ><div id=\"pgc-7-5-0\"  class=\"panel-grid-cell\" ><div id=\"panel-7-5-0-0\" class=\"so-panel widget widget_sow-editor panel-first-child panel-last-child\" data-index=\"8\" ><div\n\t\t\t\n\t\t\tclass=\"so-widget-sow-editor so-widget-sow-editor-base\"\n\t\t\t\n\t\t>\n<div class=\"siteorigin-widget-tinymce textwidget\">\n\t<p>&nbsp;<\/p>\n<p>&nbsp;<\/p>\n<p>Alle Gerichte auch zum Mitnehmen.<\/p>\n<\/div>\n<\/div><\/div><\/div><div id=\"pgc-7-5-1\"  class=\"panel-grid-cell\" ><div id=\"panel-7-5-1-0\" class=\"so-panel widget widget_sow-image panel-first-child panel-last-child\" data-index=\"9\" ><div\n\t\t\t\n\t\t\tclass=\"so-widget-sow-image so-widget-sow-image-default-8b5b6f678277-7\"\n\t\t\t\n\t\t>\n<div class=\"sow-image-container\">\n\t\t<img loading=\"lazy\" decoding=\"async\" src=\"https:\/\/www.eittinger.de\/cms\/wp-content\/uploads\/2016\/09\/Eittinger_Fischerbraeu_Bier_Inhalt_Braustueberl_11_526x358.jpg\" width=\"526\" height=\"358\" srcset=\"https:\/\/www.eittinger.de\/cms\/wp-content\/uploads\/2016\/09\/Eittinger_Fischerbraeu_Bier_Inhalt_Braustueberl_11_526x358.jpg 526w, https:\/\/www.eittinger.de\/cms\/wp-content\/uploads\/2016\/09\/Eittinger_Fischerbraeu_Bier_Inhalt_Braustueberl_11_526x358-300x204.jpg 300w\" sizes=\"auto, (max-width: 526px) 100vw, 526px\" title=\"eittinger_fischerbraeu_bier_inhalt_braustueberl_11_526x358\" alt=\"\" \t\tclass=\"so-widget-image\"\/>\n\t<\/div>\n\n<\/div><\/div><\/div><\/div><div id=\"pg-7-6\"  class=\"panel-grid panel-no-style\" ><div id=\"pgc-7-6-0\"  class=\"panel-grid-cell\" ><div id=\"panel-7-6-0-0\" class=\"so-panel widget widget_spacer-ma panel-first-child panel-last-child\" data-index=\"10\" ><div\n\t\t\t\n\t\t\tclass=\"so-widget-spacer-ma so-widget-spacer-ma-spacer-ma-style-8cdf73553d86-7\"\n\t\t\t\n\t\t><hr class=\"spacer-ma\"  \/>\n<\/div><\/div><\/div><\/div><div id=\"pg-7-7\"  class=\"panel-grid panel-no-style\" ><div id=\"pgc-7-7-0\"  class=\"panel-grid-cell\" ><div id=\"panel-7-7-0-0\" class=\"so-panel widget widget_sow-image panel-first-child panel-last-child\" data-index=\"11\" ><div\n\t\t\t\n\t\t\tclass=\"so-widget-sow-image so-widget-sow-image-default-8b5b6f678277-7\"\n\t\t\t\n\t\t>\n<div class=\"sow-image-container\">\n\t\t<img loading=\"lazy\" decoding=\"async\" src=\"https:\/\/www.eittinger.de\/cms\/wp-content\/uploads\/2016\/09\/Eittinger_Fischerbraeu_Bier_Inhalt_Braustueberl_5_526x358.jpg\" width=\"526\" height=\"358\" srcset=\"https:\/\/www.eittinger.de\/cms\/wp-content\/uploads\/2016\/09\/Eittinger_Fischerbraeu_Bier_Inhalt_Braustueberl_5_526x358.jpg 526w, https:\/\/www.eittinger.de\/cms\/wp-content\/uploads\/2016\/09\/Eittinger_Fischerbraeu_Bier_Inhalt_Braustueberl_5_526x358-300x204.jpg 300w\" sizes=\"auto, (max-width: 526px) 100vw, 526px\" title=\"eittinger_fischerbraeu_bier_inhalt_braustueberl_5_526x358\" alt=\"\" \t\tclass=\"so-widget-image\"\/>\n\t<\/div>\n\n<\/div><\/div><\/div><div id=\"pgc-7-7-1\"  class=\"panel-grid-cell\" ><div id=\"panel-7-7-1-0\" class=\"so-panel widget widget_sow-editor panel-first-child panel-last-child\" data-index=\"12\" ><div\n\t\t\t\n\t\t\tclass=\"so-widget-sow-editor so-widget-sow-editor-base\"\n\t\t\t\n\t\t>\n<div class=\"siteorigin-widget-tinymce textwidget\">\n\t<h3>Saal<\/h3>\n<p>Zu gr\u00f6\u00dferen Feierlichkeiten k\u00f6nnen Sie gerne unseren Saal, der bis zu 100 G\u00e4sten Platz bietet, mieten. Sei es eine Geburtstagsfeier, ein Firmenfest, ein Vereinsjubil\u00e4um oder eine Hochzeit, gerne stellen wir mit Ihnen ein individuelles Men\u00fc zusammen.<\/p>\n<p>Kontaktieren Sie uns telefonisch unter <strong>+49 (0)8122 42902<\/strong> oder schicken Sie uns eine Nachricht via <strong><a href=\"mailto:braeustueberl@eittinger.de\">braeustueberl@eittinger.de<\/a><\/strong>.<\/p>\n<p>Nat\u00fcrlich freuen wir uns auch auf Ihren pers\u00f6nlichen Besuch.<\/p>\n<\/div>\n<\/div><\/div><\/div><\/div><div id=\"pg-7-8\"  class=\"panel-grid panel-no-style\" ><div id=\"pgc-7-8-0\"  class=\"panel-grid-cell\" ><div id=\"panel-7-8-0-0\" class=\"so-panel widget widget_spacer-ma panel-first-child panel-last-child\" data-index=\"13\" ><div\n\t\t\t\n\t\t\tclass=\"so-widget-spacer-ma so-widget-spacer-ma-spacer-ma-style-8cdf73553d86-7\"\n\t\t\t\n\t\t><hr class=\"spacer-ma\"  \/>\n<\/div><\/div><\/div><\/div><div id=\"pg-7-9\"  class=\"panel-grid panel-no-style\" ><div id=\"pgc-7-9-0\"  class=\"panel-grid-cell\" ><div id=\"panel-7-9-0-0\" class=\"so-panel widget widget_sow-editor panel-first-child\" data-index=\"14\" ><div\n\t\t\t\n\t\t\tclass=\"so-widget-sow-editor so-widget-sow-editor-base\"\n\t\t\t\n\t\t>\n<div class=\"siteorigin-widget-tinymce textwidget\">\n\t<h2 style=\"text-align: center;\">Hier sind wir zu finden<\/h2>\n<\/div>\n<\/div><\/div><div id=\"panel-7-9-0-1\" class=\"so-panel widget widget_text panel-last-child\" data-index=\"15\" >\t\t\t<div class=\"textwidget\"><iframe src=\"https:\/\/www.google.com\/maps\/embed?pb=!1m18!1m12!1m3!1d2650.970642067657!2d11.887223215656858!3d48.36108777924191!2m3!1f0!2f0!3f0!3m2!1i1024!2i768!4f13.1!3m3!1m2!1s0x479e16c3bc234e2f%3A0xe46668934086846d!2sEittinger+Fischerbr%C3%A4u!5e0!3m2!1sde!2sus!4v1472757934722\" width=\"100%\" frameborder=\"0\" style=\"border:0\" allowfullscreen><\/iframe><\/div>\n\t\t<\/div><\/div><\/div><\/div>","protected":false},"excerpt":{"rendered":"<p>Unser Br\u00e4ust\u00fcberl &nbsp; Das Eittinger Br\u00e4ust\u00fcberl liegt im Herzen Eittings am Fu\u00dfe der Kirche Sankt Georg und nur wenige Kilometer von Erding sowie vom Flughafen M\u00fcnchen entfernt. Urlauber, die noch etwas Zeit haben, k\u00f6nnen gerne vor dem Abflug unsere Gastst\u00e4tte besuchen. Gastlichkeit wird im Eittinger Br\u00e4ust\u00fcberl gro\u00dfgeschrieben. Neben der Vielzahl an hauseigenen Bieren k\u00f6nnen Sie &hellip; <a href=\"https:\/\/www.eittinger.de\/index.php\/braeustueberl\/\" class=\"more-link\">Continue reading<span class=\"screen-reader-text\"> &#8222;Br\u00e4ust\u00fcberl&#8220;<\/span><\/a><\/p>\n","protected":false},"author":6,"featured_media":0,"parent":0,"menu_order":0,"comment_status":"closed","ping_status":"closed","template":"","meta":{"footnotes":""},"class_list":["post-7","page","type-page","status-publish","hentry"],"_links":{"self":[{"href":"https:\/\/www.eittinger.de\/index.php\/wp-json\/wp\/v2\/pages\/7","targetHints":{"allow":["GET"]}}],"collection":[{"href":"https:\/\/www.eittinger.de\/index.php\/wp-json\/wp\/v2\/pages"}],"about":[{"href":"https:\/\/www.eittinger.de\/index.php\/wp-json\/wp\/v2\/types\/page"}],"author":[{"embeddable":true,"href":"https:\/\/www.eittinger.de\/index.php\/wp-json\/wp\/v2\/users\/6"}],"replies":[{"embeddable":true,"href":"https:\/\/www.eittinger.de\/index.php\/wp-json\/wp\/v2\/comments?post=7"}],"version-history":[{"count":871,"href":"https:\/\/www.eittinger.de\/index.php\/wp-json\/wp\/v2\/pages\/7\/revisions"}],"predecessor-version":[{"id":2822,"href":"https:\/\/www.eittinger.de\/index.php\/wp-json\/wp\/v2\/pages\/7\/revisions\/2822"}],"wp:attachment":[{"href":"https:\/\/www.eittinger.de\/index.php\/wp-json\/wp\/v2\/media?parent=7"}],"curies":[{"name":"wp","href":"https:\/\/api.w.org\/{rel}","templated":true}]}}